{"id":2072,"date":"2024-04-01T22:28:45","date_gmt":"2024-04-01T22:28:45","guid":{"rendered":"https:\/\/fesisa.com\/?post_type=product&#038;p=2072"},"modified":"2025-04-30T04:34:41","modified_gmt":"2025-04-30T04:34:41","slug":"honor","status":"publish","type":"product","link":"https:\/\/fesisa.com\/?product=honor","title":{"rendered":"HONOR"},"content":{"rendered":"<p>El Honor X8a es una variante del X8 con una pantalla FHD+ de 6.7 pulgadas. Potenciado por un procesador Helio G88 de MediaTek, el Honor X8a cuenta con 8GB de RAM y 256GB de almacenamiento interno no expandible. En su posterior encontramos una c\u00e1mara triple con sensor principal de 100MP, mientras que la c\u00e1mara selfie es de 16MP. El Honor X8a completa sus caracter\u00edsticas con una bater\u00eda de 4500 mAh con soporte para carga r\u00e1pida, lector de huellas lateral y corre Android 12.<\/p>\n","protected":false},"excerpt":{"rendered":"<p>El Honor X8a es una variante del X8 con una pantalla FHD+ de 6.7 pulgadas. Potenciado por un procesador Helio G88 de MediaTek, el Honor X8a cuenta con 8GB de &#8230;<\/p>\n","protected":false},"featured_media":2073,"comment_status":"open","ping_status":"closed","template":"","meta":[],"product_brand":[],"product_cat":[53],"product_tag":[],"class_list":{"0":"post-2072","1":"product","2":"type-product","3":"status-publish","4":"has-post-thumbnail","6":"product_cat-smartphones","8":"first","9":"instock","10":"shipping-taxable","11":"product-type-simple"},"_links":{"self":[{"href":"https:\/\/fesisa.com\/index.php?rest_route=\/wp\/v2\/product\/2072","targetHints":{"allow":["GET"]}}],"collection":[{"href":"https:\/\/fesisa.com\/index.php?rest_route=\/wp\/v2\/product"}],"about":[{"href":"https:\/\/fesisa.com\/index.php?rest_route=\/wp\/v2\/types\/product"}],"replies":[{"embeddable":true,"href":"https:\/\/fesisa.com\/index.php?rest_route=%2Fwp%2Fv2%2Fcomments&post=2072"}],"version-history":[{"count":2,"href":"https:\/\/fesisa.com\/index.php?rest_route=\/wp\/v2\/product\/2072\/revisions"}],"predecessor-version":[{"id":2415,"href":"https:\/\/fesisa.com\/index.php?rest_route=\/wp\/v2\/product\/2072\/revisions\/2415"}],"wp:featuredmedia":[{"embeddable":true,"href":"https:\/\/fesisa.com\/index.php?rest_route=\/wp\/v2\/media\/2073"}],"wp:attachment":[{"href":"https:\/\/fesisa.com\/index.php?rest_route=%2Fwp%2Fv2%2Fmedia&parent=2072"}],"wp:term":[{"taxonomy":"product_brand","embeddable":true,"href":"https:\/\/fesisa.com\/index.php?rest_route=%2Fwp%2Fv2%2Fproduct_brand&post=2072"},{"taxonomy":"product_cat","embeddable":true,"href":"https:\/\/fesisa.com\/index.php?rest_route=%2Fwp%2Fv2%2Fproduct_cat&post=2072"},{"taxonomy":"product_tag","embeddable":true,"href":"https:\/\/fesisa.com\/index.php?rest_route=%2Fwp%2Fv2%2Fproduct_tag&post=2072"}],"curies":[{"name":"wp","href":"https:\/\/api.w.org\/{rel}","templated":true}]}}