{"id":1571,"date":"2023-05-01T17:38:24","date_gmt":"2023-05-01T17:38:24","guid":{"rendered":"https:\/\/fesisa.com\/?page_id=1571"},"modified":"2025-08-12T16:51:28","modified_gmt":"2025-08-12T16:51:28","slug":"asistencia-online-2-2","status":"publish","type":"page","link":"https:\/\/fesisa.com\/?page_id=1571","title":{"rendered":"Asistencia en l\u00ednea."},"content":{"rendered":"\t\t<div data-elementor-type=\"wp-page\" data-elementor-id=\"1571\" class=\"elementor elementor-1571\">\n\t\t\t\t\t\t<section class=\"elementor-section elementor-top-section elementor-element elementor-element-623aabb elementor-section-full_width elementor-section-height-default elementor-section-height-default\" data-id=\"623aabb\" data-element_type=\"section\" data-e-type=\"section\" data-settings=\"{&quot;background_background&quot;:&quot;classic&quot;}\">\n\t\t\t\t\t\t\t<div class=\"elementor-background-overlay\"><\/div>\n\t\t\t\t\t\t\t<div class=\"elementor-container elementor-column-gap-default\">\n\t\t\t\t\t<div class=\"elementor-column elementor-col-100 elementor-top-column elementor-element elementor-element-badd2ed\" data-id=\"badd2ed\" data-element_type=\"column\" data-e-type=\"column\">\n\t\t\t<div class=\"elementor-widget-wrap elementor-element-populated\">\n\t\t\t\t\t\t<div class=\"elementor-element elementor-element-d5906e1 elementor-invisible elementor-widget elementor-widget-heading\" data-id=\"d5906e1\" data-element_type=\"widget\" data-e-type=\"widget\" data-settings=\"{&quot;_animation&quot;:&quot;fadeInLeft&quot;}\" data-widget_type=\"heading.default\">\n\t\t\t\t<div class=\"elementor-widget-container\">\n\t\t\t\t\t<h2 class=\"elementor-heading-title elementor-size-default\">Asistencia en l\u00ednea.<\/h2>\t\t\t\t<\/div>\n\t\t\t\t<\/div>\n\t\t\t\t\t<\/div>\n\t\t<\/div>\n\t\t\t\t\t<\/div>\n\t\t<\/section>\n\t\t\t\t<section class=\"elementor-section elementor-top-section elementor-element elementor-element-3cd8215 elementor-section-boxed elementor-section-height-default elementor-section-height-default\" data-id=\"3cd8215\" data-element_type=\"section\" data-e-type=\"section\">\n\t\t\t\t\t\t<div class=\"elementor-container elementor-column-gap-default\">\n\t\t\t\t\t<div class=\"elementor-column elementor-col-100 elementor-top-column elementor-element elementor-element-41bd2c7\" data-id=\"41bd2c7\" data-element_type=\"column\" data-e-type=\"column\">\n\t\t\t<div class=\"elementor-widget-wrap elementor-element-populated\">\n\t\t\t\t\t\t<div class=\"elementor-element elementor-element-8263bf9 elementor-widget elementor-widget-text-editor\" data-id=\"8263bf9\" data-element_type=\"widget\" data-e-type=\"widget\" data-widget_type=\"text-editor.default\">\n\t\t\t\t<div class=\"elementor-widget-container\">\n\t\t\t\t\t\t\t\t\t<p data-start=\"187\" data-end=\"223\">\ud83d\udc68\u200d\ud83d\udd27 <strong data-start=\"193\" data-end=\"221\">Recomendaciones previas:<\/strong><\/p><ul data-start=\"224\" data-end=\"449\"><li data-start=\"224\" data-end=\"275\"><p data-start=\"226\" data-end=\"275\">\ud83d\udce1 Con\u00e9ctese a internet mediante <strong data-start=\"256\" data-end=\"272\">cable de red<\/strong>.<\/p><\/li><li data-start=\"276\" data-end=\"369\"><p data-start=\"278\" data-end=\"369\">\ud83d\udcf6 Si usa conexi\u00f3n inal\u00e1mbrica (WiFi), ac\u00e9rquese lo m\u00e1s posible al router o punto de acceso.<\/p><\/li><li data-start=\"370\" data-end=\"449\"><p data-start=\"372\" data-end=\"449\"><span class=\"fe5nidar khvhiq1o r5qsrrlp i5tg98hk f9ovudaz przvwfww gx1rr48f gfz4du6o r7fjleex nz2484kf svot0ezm dcnh1tix sxl192xd t3g6t33p\"><span class=\"mpj7bzys xzlurrtv\">\ud83d\udd0c <\/span><\/span>Mantenga <strong data-start=\"381\" data-end=\"406\">enchufado el cargador<\/strong> de su laptop durante toda la asistencia.<\/p><\/li><\/ul>\t\t\t\t\t\t\t\t<\/div>\n\t\t\t\t<\/div>\n\t\t\t\t<section class=\"elementor-section elementor-inner-section elementor-element elementor-element-2ab6944 elementor-section-boxed elementor-section-height-default elementor-section-height-default\" data-id=\"2ab6944\" data-element_type=\"section\" data-e-type=\"section\">\n\t\t\t\t\t\t<div class=\"elementor-container elementor-column-gap-default\">\n\t\t\t\t\t<div class=\"elementor-column elementor-col-50 elementor-inner-column elementor-element elementor-element-2adbcf1\" data-id=\"2adbcf1\" data-element_type=\"column\" data-e-type=\"column\">\n\t\t\t<div class=\"elementor-widget-wrap elementor-element-populated\">\n\t\t\t\t\t\t<div class=\"elementor-element elementor-element-66a1201 elementor-widget elementor-widget-text-editor\" data-id=\"66a1201\" data-element_type=\"widget\" data-e-type=\"widget\" data-widget_type=\"text-editor.default\">\n\t\t\t\t<div class=\"elementor-widget-container\">\n\t\t\t\t\t\t\t\t\t<h3>Anydesk<\/h3><div><img decoding=\"async\" class=\"emoji\" role=\"img\" draggable=\"false\" src=\"https:\/\/s.w.org\/images\/core\/emoji\/16.0.1\/svg\/1f4e5.svg\" alt=\"\ud83d\udce5\" \/> Pasos para usar AnyDesk<\/div><div><p data-start=\"490\" data-end=\"509\"><img decoding=\"async\" class=\"emoji\" role=\"img\" draggable=\"false\" src=\"https:\/\/s.w.org\/images\/core\/emoji\/16.0.1\/svg\/31-20e3.svg\" alt=\"1\ufe0f\u20e3\" \/> <strong data-start=\"494\" data-end=\"507\">Descarga:<\/strong><\/p><ul data-start=\"513\" data-end=\"626\"><li data-start=\"513\" data-end=\"563\"><p data-start=\"515\" data-end=\"563\">Haga clic en la imagen o enlace proporcionado.\u00a0\u00a0<\/p><\/li><li data-start=\"567\" data-end=\"626\"><p data-start=\"569\" data-end=\"626\">La descarga de <strong data-start=\"584\" data-end=\"595\">AnyDesk<\/strong> se iniciar\u00e1 autom\u00e1ticamente.<\/p><\/li><\/ul><\/div>\t\t\t\t\t\t\t\t<\/div>\n\t\t\t\t<\/div>\n\t\t\t\t\t<\/div>\n\t\t<\/div>\n\t\t\t\t<div class=\"elementor-column elementor-col-50 elementor-inner-column elementor-element elementor-element-1682679\" data-id=\"1682679\" data-element_type=\"column\" data-e-type=\"column\">\n\t\t\t<div class=\"elementor-widget-wrap elementor-element-populated\">\n\t\t\t\t\t\t<div class=\"elementor-element elementor-element-93e8544 elementor-widget elementor-widget-image\" data-id=\"93e8544\" data-element_type=\"widget\" data-e-type=\"widget\" data-widget_type=\"image.default\">\n\t\t\t\t<div class=\"elementor-widget-container\">\n\t\t\t\t\t\t\t\t\t\t\t\t\t\t\t\t<a href=\"https:\/\/anydesk.com\/es\/downloads\/thank-you?dv=win_exe\">\n\t\t\t\t\t\t\t<img loading=\"lazy\" decoding=\"async\" width=\"300\" height=\"150\" src=\"https:\/\/fesisa.com\/wp-content\/uploads\/2024\/03\/hqdefault-300x150.jpg\" class=\"attachment-onepress-blog-small size-onepress-blog-small wp-image-2048\" alt=\"\" \/>\t\t\t\t\t\t\t\t<\/a>\n\t\t\t\t\t\t\t\t\t\t\t\t\t\t\t<\/div>\n\t\t\t\t<\/div>\n\t\t\t\t\t<\/div>\n\t\t<\/div>\n\t\t\t\t\t<\/div>\n\t\t<\/section>\n\t\t\t\t<div class=\"elementor-element elementor-element-8a201b9 elementor-widget elementor-widget-text-editor\" data-id=\"8a201b9\" data-element_type=\"widget\" data-e-type=\"widget\" data-widget_type=\"text-editor.default\">\n\t\t\t\t<div class=\"elementor-widget-container\">\n\t\t\t\t\t\t\t\t\t<p data-start=\"628\" data-end=\"656\"><img decoding=\"async\" class=\"emoji\" role=\"img\" draggable=\"false\" src=\"https:\/\/s.w.org\/images\/core\/emoji\/16.0.1\/svg\/32-20e3.svg\" alt=\"2\ufe0f\u20e3\" \/> <strong data-start=\"632\" data-end=\"654\">Abrir el programa:<\/strong><\/p><ul data-start=\"660\" data-end=\"800\"><li data-start=\"660\" data-end=\"755\"><p data-start=\"662\" data-end=\"755\">Una vez descargado, vaya a la carpeta <strong data-start=\"700\" data-end=\"713\">Descargas<\/strong> o al \u00edcono de descarga en su navegador.<\/p><\/li><li data-start=\"759\" data-end=\"800\"><p data-start=\"761\" data-end=\"800\">Ejecute (abra) el archivo de AnyDesk.<\/p><\/li><\/ul><p data-start=\"802\" data-end=\"832\"><img decoding=\"async\" class=\"emoji\" role=\"img\" draggable=\"false\" src=\"https:\/\/s.w.org\/images\/core\/emoji\/16.0.1\/svg\/33-20e3.svg\" alt=\"3\ufe0f\u20e3\" \/> <strong data-start=\"806\" data-end=\"830\">Compartir el c\u00f3digo:<\/strong><\/p><ul data-start=\"836\" data-end=\"978\"><li data-start=\"836\" data-end=\"892\"><p data-start=\"838\" data-end=\"892\">Aparecer\u00e1 una ventana con su <strong data-start=\"867\" data-end=\"889\">c\u00f3digo de conexi\u00f3n<\/strong>.<\/p><\/li><li data-start=\"896\" data-end=\"978\"><p data-start=\"898\" data-end=\"978\">Tome una foto de esa ventana y env\u00edela por <strong data-start=\"941\" data-end=\"953\">WhatsApp<\/strong> para poder conectarme.<\/p><\/li><\/ul><p data-start=\"980\" data-end=\"1003\"><img decoding=\"async\" class=\"emoji\" role=\"img\" draggable=\"false\" src=\"https:\/\/s.w.org\/images\/core\/emoji\/16.0.1\/svg\/34-20e3.svg\" alt=\"4\ufe0f\u20e3\" \/> <strong data-start=\"984\" data-end=\"1001\">Dar permisos:<\/strong><\/p><ul data-start=\"1007\" data-end=\"1180\"><li data-start=\"1007\" data-end=\"1096\"><p data-start=\"1009\" data-end=\"1096\">Cuando le aparezca un mensaje con un <strong data-start=\"1046\" data-end=\"1056\">escudo<\/strong> al costado, haga clic en <strong data-start=\"1082\" data-end=\"1093\">Aceptar<\/strong>.<\/p><\/li><li data-start=\"1100\" data-end=\"1180\"><p data-start=\"1102\" data-end=\"1180\">Si aparece otra ventana con las opciones <strong data-start=\"1143\" data-end=\"1149\">S\u00ed<\/strong> o <strong data-start=\"1152\" data-end=\"1158\">No<\/strong>, seleccione <strong data-start=\"1171\" data-end=\"1177\">S\u00ed<\/strong>.<\/p><\/li><\/ul>\t\t\t\t\t\t\t\t<\/div>\n\t\t\t\t<\/div>\n\t\t\t\t\t<\/div>\n\t\t<\/div>\n\t\t\t\t\t<\/div>\n\t\t<\/section>\n\t\t\t\t<section class=\"elementor-section elementor-top-section elementor-element elementor-element-791ab2a elementor-section-boxed elementor-section-height-default elementor-section-height-default\" data-id=\"791ab2a\" data-element_type=\"section\" data-e-type=\"section\">\n\t\t\t\t\t\t<div class=\"elementor-container elementor-column-gap-default\">\n\t\t\t\t\t<div class=\"elementor-column elementor-col-50 elementor-top-column elementor-element elementor-element-7851a9b\" data-id=\"7851a9b\" data-element_type=\"column\" data-e-type=\"column\">\n\t\t\t<div class=\"elementor-widget-wrap elementor-element-populated\">\n\t\t\t\t\t\t<div class=\"elementor-element elementor-element-68279d4 elementor-widget elementor-widget-text-editor\" data-id=\"68279d4\" data-element_type=\"widget\" data-e-type=\"widget\" data-widget_type=\"text-editor.default\">\n\t\t\t\t<div class=\"elementor-widget-container\">\n\t\t\t\t\t\t\t\t\t<div id=\"\" class=\"elementor-element elementor-element-edit-mode elementor-element-16007ae elementor-element--toggle-edit-tools elementor-widget elementor-widget-text-editor\" data-id=\"16007ae\" data-element_type=\"widget\" data-model-cid=\"c38558\" data-widget_type=\"text-editor.default\"><div class=\"elementor-widget-container\"><div class=\"elementor-text-editor elementor-clearfix elementor-inline-editing\" data-elementor-setting-key=\"editor\" data-elementor-inline-editing-toolbar=\"advanced\"><h3>Teamviewer<\/h3><p>Seguir los pasos en el video.<\/p><\/div><\/div><\/div>\t\t\t\t\t\t\t\t<\/div>\n\t\t\t\t<\/div>\n\t\t\t\t<div class=\"elementor-element elementor-element-b769ac3 elementor-widget elementor-widget-image\" data-id=\"b769ac3\" data-element_type=\"widget\" data-e-type=\"widget\" data-widget_type=\"image.default\">\n\t\t\t\t<div class=\"elementor-widget-container\">\n\t\t\t\t\t\t\t\t\t\t\t\t\t\t\t\t<a href=\"https:\/\/download.teamviewer.com\/QS\">\n\t\t\t\t\t\t\t<img loading=\"lazy\" decoding=\"async\" width=\"300\" height=\"150\" src=\"https:\/\/fesisa.com\/wp-content\/uploads\/2023\/05\/DES0014-TeamViewer-300x150.jpg\" class=\"attachment-onepress-blog-small size-onepress-blog-small wp-image-1602\" alt=\"\" \/>\t\t\t\t\t\t\t\t<\/a>\n\t\t\t\t\t\t\t\t\t\t\t\t\t\t\t<\/div>\n\t\t\t\t<\/div>\n\t\t\t\t\t<\/div>\n\t\t<\/div>\n\t\t\t\t<div class=\"elementor-column elementor-col-50 elementor-top-column elementor-element elementor-element-3703dfb\" data-id=\"3703dfb\" data-element_type=\"column\" data-e-type=\"column\">\n\t\t\t<div class=\"elementor-widget-wrap elementor-element-populated\">\n\t\t\t\t\t\t<div class=\"elementor-element elementor-element-4a3775d elementor-widget elementor-widget-video\" data-id=\"4a3775d\" data-element_type=\"widget\" data-e-type=\"widget\" data-settings=\"{&quot;youtube_url&quot;:&quot;https:\\\/\\\/www.youtube.com\\\/watch?v=2LhKYwPeLI0&quot;,&quot;autoplay&quot;:&quot;yes&quot;,&quot;play_on_mobile&quot;:&quot;yes&quot;,&quot;video_type&quot;:&quot;youtube&quot;}\" data-widget_type=\"video.default\">\n\t\t\t\t<div class=\"elementor-widget-container\">\n\t\t\t\t\t\t\t<div class=\"elementor-wrapper elementor-open-inline\">\n\t\t\t<div class=\"elementor-video\"><\/div>\t\t<\/div>\n\t\t\t\t\t\t<\/div>\n\t\t\t\t<\/div>\n\t\t\t\t\t<\/div>\n\t\t<\/div>\n\t\t\t\t\t<\/div>\n\t\t<\/section>\n\t\t\t\t<section class=\"elementor-section elementor-top-section elementor-element elementor-element-8a74418 elementor-section-boxed elementor-section-height-default elementor-section-height-default\" data-id=\"8a74418\" data-element_type=\"section\" data-e-type=\"section\">\n\t\t\t\t\t\t<div class=\"elementor-container elementor-column-gap-default\">\n\t\t\t\t\t<div class=\"elementor-column elementor-col-33 elementor-top-column elementor-element elementor-element-4c6eb1d\" data-id=\"4c6eb1d\" data-element_type=\"column\" data-e-type=\"column\">\n\t\t\t<div class=\"elementor-widget-wrap elementor-element-populated\">\n\t\t\t\t\t\t<div class=\"elementor-element elementor-element-c266b60 elementor-widget elementor-widget-heading\" data-id=\"c266b60\" data-element_type=\"widget\" data-e-type=\"widget\" data-widget_type=\"heading.default\">\n\t\t\t\t<div class=\"elementor-widget-container\">\n\t\t\t\t\t<h3 class=\"elementor-heading-title elementor-size-default\"><a href=\"https:\/\/fesisa.com\/?page_id=1477\">Soporte T\u00e9cnico de Laptops y Computadoras.<\/a><\/h3>\t\t\t\t<\/div>\n\t\t\t\t<\/div>\n\t\t\t\t<div class=\"elementor-element elementor-element-df3b56a elementor-widget elementor-widget-image\" data-id=\"df3b56a\" data-element_type=\"widget\" data-e-type=\"widget\" data-widget_type=\"image.default\">\n\t\t\t\t<div class=\"elementor-widget-container\">\n\t\t\t\t\t\t\t\t\t\t\t\t\t\t\t\t<a href=\"https:\/\/fesisa.com\/?page_id=1477\">\n\t\t\t\t\t\t\t<img loading=\"lazy\" decoding=\"async\" width=\"300\" height=\"188\" src=\"https:\/\/fesisa.com\/wp-content\/uploads\/2023\/05\/SOPORTE-TECNICO-LAPTOPS-300x188.jpg\" class=\"attachment-medium size-medium wp-image-1478\" alt=\"\" srcset=\"https:\/\/fesisa.com\/wp-content\/uploads\/2023\/05\/SOPORTE-TECNICO-LAPTOPS-300x188.jpg 300w, https:\/\/fesisa.com\/wp-content\/uploads\/2023\/05\/SOPORTE-TECNICO-LAPTOPS-480x300.jpg 480w, https:\/\/fesisa.com\/wp-content\/uploads\/2023\/05\/elementor\/thumbs\/SOPORTE-TECNICO-LAPTOPS-q5t0v2myo0e7u4dt267m0th8lv2m0ne6mzsbytgpvy.jpg 350w, https:\/\/fesisa.com\/wp-content\/uploads\/2023\/05\/SOPORTE-TECNICO-LAPTOPS.jpg 640w\" sizes=\"auto, (max-width: 300px) 100vw, 300px\" \/>\t\t\t\t\t\t\t\t<\/a>\n\t\t\t\t\t\t\t\t\t\t\t\t\t\t\t<\/div>\n\t\t\t\t<\/div>\n\t\t\t\t\t<\/div>\n\t\t<\/div>\n\t\t\t\t<div class=\"elementor-column elementor-col-33 elementor-top-column elementor-element elementor-element-9c017b0\" data-id=\"9c017b0\" data-element_type=\"column\" data-e-type=\"column\">\n\t\t\t<div class=\"elementor-widget-wrap elementor-element-populated\">\n\t\t\t\t\t\t<div class=\"elementor-element elementor-element-1efca6b elementor-widget elementor-widget-heading\" data-id=\"1efca6b\" data-element_type=\"widget\" data-e-type=\"widget\" data-widget_type=\"heading.default\">\n\t\t\t\t<div class=\"elementor-widget-container\">\n\t\t\t\t\t<h3 class=\"elementor-heading-title elementor-size-default\"><a href=\"https:\/\/fesisa.com\/?page_id=1531\">Implementaci\u00f3n de Cableado Estructurado.<\/a><\/h3>\t\t\t\t<\/div>\n\t\t\t\t<\/div>\n\t\t\t\t<div class=\"elementor-element elementor-element-49e4479 elementor-widget elementor-widget-image\" data-id=\"49e4479\" data-element_type=\"widget\" data-e-type=\"widget\" data-widget_type=\"image.default\">\n\t\t\t\t<div class=\"elementor-widget-container\">\n\t\t\t\t\t\t\t\t\t\t\t\t\t\t\t\t<a href=\"https:\/\/fesisa.com\/?page_id=1531\">\n\t\t\t\t\t\t\t<img loading=\"lazy\" decoding=\"async\" width=\"300\" height=\"188\" src=\"https:\/\/fesisa.com\/wp-content\/uploads\/2023\/05\/CABLEADO-ESTRUCTURADO-300x188.jpg\" class=\"attachment-medium size-medium wp-image-1532\" alt=\"\" srcset=\"https:\/\/fesisa.com\/wp-content\/uploads\/2023\/05\/CABLEADO-ESTRUCTURADO-300x188.jpg 300w, https:\/\/fesisa.com\/wp-content\/uploads\/2023\/05\/CABLEADO-ESTRUCTURADO-480x300.jpg 480w, https:\/\/fesisa.com\/wp-content\/uploads\/2023\/05\/elementor\/thumbs\/CABLEADO-ESTRUCTURADO-q5tyix27tlbi3q3zqhz15ii3mg1isjc292jayendvy.jpg 350w, https:\/\/fesisa.com\/wp-content\/uploads\/2023\/05\/CABLEADO-ESTRUCTURADO.jpg 640w\" sizes=\"auto, (max-width: 300px) 100vw, 300px\" \/>\t\t\t\t\t\t\t\t<\/a>\n\t\t\t\t\t\t\t\t\t\t\t\t\t\t\t<\/div>\n\t\t\t\t<\/div>\n\t\t\t\t\t<\/div>\n\t\t<\/div>\n\t\t\t\t<div class=\"elementor-column elementor-col-33 elementor-top-column elementor-element elementor-element-f86e9f5\" data-id=\"f86e9f5\" data-element_type=\"column\" data-e-type=\"column\">\n\t\t\t<div class=\"elementor-widget-wrap elementor-element-populated\">\n\t\t\t\t\t\t<div class=\"elementor-element elementor-element-70ae118 elementor-widget elementor-widget-heading\" data-id=\"70ae118\" data-element_type=\"widget\" data-e-type=\"widget\" data-widget_type=\"heading.default\">\n\t\t\t\t<div class=\"elementor-widget-container\">\n\t\t\t\t\t<h3 class=\"elementor-heading-title elementor-size-default\"><a href=\"https:\/\/fesisa.com\/?page_id=1535\">Instalaci\u00f3n de C\u00e1maras de Seguridad.<\/a><\/h3>\t\t\t\t<\/div>\n\t\t\t\t<\/div>\n\t\t\t\t<div class=\"elementor-element elementor-element-f3bba4f elementor-widget elementor-widget-image\" data-id=\"f3bba4f\" data-element_type=\"widget\" data-e-type=\"widget\" data-widget_type=\"image.default\">\n\t\t\t\t<div class=\"elementor-widget-container\">\n\t\t\t\t\t\t\t\t\t\t\t\t\t\t\t\t<a href=\"https:\/\/fesisa.com\/?page_id=1535\">\n\t\t\t\t\t\t\t<img loading=\"lazy\" decoding=\"async\" width=\"300\" height=\"188\" src=\"https:\/\/fesisa.com\/wp-content\/uploads\/2023\/05\/CAMARA-DE-SEGURIDAD-300x188.jpg\" class=\"attachment-medium size-medium wp-image-1536\" alt=\"\" srcset=\"https:\/\/fesisa.com\/wp-content\/uploads\/2023\/05\/CAMARA-DE-SEGURIDAD-300x188.jpg 300w, https:\/\/fesisa.com\/wp-content\/uploads\/2023\/05\/CAMARA-DE-SEGURIDAD-480x300.jpg 480w, https:\/\/fesisa.com\/wp-content\/uploads\/2023\/05\/elementor\/thumbs\/CAMARA-DE-SEGURIDAD-q5tyn93fc393mztcfdf3nf4m8eogaaji6itwmc8172.jpg 350w, https:\/\/fesisa.com\/wp-content\/uploads\/2023\/05\/CAMARA-DE-SEGURIDAD.jpg 640w\" sizes=\"auto, (max-width: 300px) 100vw, 300px\" \/>\t\t\t\t\t\t\t\t<\/a>\n\t\t\t\t\t\t\t\t\t\t\t\t\t\t\t<\/div>\n\t\t\t\t<\/div>\n\t\t\t\t\t<\/div>\n\t\t<\/div>\n\t\t\t\t\t<\/div>\n\t\t<\/section>\n\t\t\t\t<section class=\"elementor-section elementor-top-section elementor-element elementor-element-b030809 elementor-section-boxed elementor-section-height-default elementor-section-height-default\" data-id=\"b030809\" data-element_type=\"section\" data-e-type=\"section\">\n\t\t\t\t\t\t<div class=\"elementor-container elementor-column-gap-default\">\n\t\t\t\t\t<div class=\"elementor-column elementor-col-50 elementor-top-column elementor-element elementor-element-e2b4f6b\" data-id=\"e2b4f6b\" data-element_type=\"column\" data-e-type=\"column\">\n\t\t\t<div class=\"elementor-widget-wrap elementor-element-populated\">\n\t\t\t\t\t\t<div class=\"elementor-element elementor-element-5185e40 elementor-widget elementor-widget-heading\" data-id=\"5185e40\" data-element_type=\"widget\" data-e-type=\"widget\" data-widget_type=\"heading.default\">\n\t\t\t\t<div class=\"elementor-widget-container\">\n\t\t\t\t\t<h3 class=\"elementor-heading-title elementor-size-default\"><a href=\"https:\/\/fesisa.com\/?page_id=1539\">Configuraci\u00f3n de Servidores, Terminal Server.<\/a><\/h3>\t\t\t\t<\/div>\n\t\t\t\t<\/div>\n\t\t\t\t<div class=\"elementor-element elementor-element-ba2a661 elementor-widget elementor-widget-image\" data-id=\"ba2a661\" data-element_type=\"widget\" data-e-type=\"widget\" data-widget_type=\"image.default\">\n\t\t\t\t<div class=\"elementor-widget-container\">\n\t\t\t\t\t\t\t\t\t\t\t\t\t\t\t\t<a href=\"https:\/\/fesisa.com\/?page_id=1539\">\n\t\t\t\t\t\t\t<img loading=\"lazy\" decoding=\"async\" width=\"300\" height=\"188\" src=\"https:\/\/fesisa.com\/wp-content\/uploads\/2023\/05\/CONFIGURACION-DE-SERVIDORES-300x188.jpg\" class=\"attachment-medium size-medium wp-image-1537\" alt=\"\" srcset=\"https:\/\/fesisa.com\/wp-content\/uploads\/2023\/05\/CONFIGURACION-DE-SERVIDORES-300x188.jpg 300w, https:\/\/fesisa.com\/wp-content\/uploads\/2023\/05\/CONFIGURACION-DE-SERVIDORES-480x300.jpg 480w, https:\/\/fesisa.com\/wp-content\/uploads\/2023\/05\/elementor\/thumbs\/CONFIGURACION-DE-SERVIDORES-q5tyna19ixadylrz9vtq7ww2tsjthzn8inhe3m6n0u.jpg 350w, https:\/\/fesisa.com\/wp-content\/uploads\/2023\/05\/CONFIGURACION-DE-SERVIDORES.jpg 640w\" sizes=\"auto, (max-width: 300px) 100vw, 300px\" \/>\t\t\t\t\t\t\t\t<\/a>\n\t\t\t\t\t\t\t\t\t\t\t\t\t\t\t<\/div>\n\t\t\t\t<\/div>\n\t\t\t\t\t<\/div>\n\t\t<\/div>\n\t\t\t\t<div class=\"elementor-column elementor-col-50 elementor-top-column elementor-element elementor-element-eebc560\" data-id=\"eebc560\" data-element_type=\"column\" data-e-type=\"column\">\n\t\t\t<div class=\"elementor-widget-wrap elementor-element-populated\">\n\t\t\t\t\t\t<div class=\"elementor-element elementor-element-70ee464 elementor-widget elementor-widget-heading\" data-id=\"70ee464\" data-element_type=\"widget\" data-e-type=\"widget\" data-widget_type=\"heading.default\">\n\t\t\t\t<div class=\"elementor-widget-container\">\n\t\t\t\t\t<h3 class=\"elementor-heading-title elementor-size-default\"><a href=\"https:\/\/fesisa.com\/?page_id=2027\">Asesor\u00eda en licenciamiento de Software<\/a><\/h3>\t\t\t\t<\/div>\n\t\t\t\t<\/div>\n\t\t\t\t<div class=\"elementor-element elementor-element-5ad6f78 elementor-widget elementor-widget-image\" data-id=\"5ad6f78\" data-element_type=\"widget\" data-e-type=\"widget\" data-widget_type=\"image.default\">\n\t\t\t\t<div class=\"elementor-widget-container\">\n\t\t\t\t\t\t\t\t\t\t\t\t\t\t\t\t<a href=\"https:\/\/fesisa.com\/?page_id=2027\">\n\t\t\t\t\t\t\t<img loading=\"lazy\" decoding=\"async\" width=\"300\" height=\"188\" src=\"https:\/\/fesisa.com\/wp-content\/uploads\/2024\/03\/licencia-300x188.png\" class=\"attachment-medium size-medium wp-image-2029\" alt=\"\" srcset=\"https:\/\/fesisa.com\/wp-content\/uploads\/2024\/03\/licencia-300x188.png 300w, https:\/\/fesisa.com\/wp-content\/uploads\/2024\/03\/licencia.png 350w\" sizes=\"auto, (max-width: 300px) 100vw, 300px\" \/>\t\t\t\t\t\t\t\t<\/a>\n\t\t\t\t\t\t\t\t\t\t\t\t\t\t\t<\/div>\n\t\t\t\t<\/div>\n\t\t\t\t\t<\/div>\n\t\t<\/div>\n\t\t\t\t\t<\/div>\n\t\t<\/section>\n\t\t\t\t<\/div>\n\t\t","protected":false},"excerpt":{"rendered":"<p>Asistencia en l\u00ednea. \ud83d\udc68\u200d\ud83d\udd27 Recomendaciones previas: \ud83d\udce1 Con\u00e9ctese a internet mediante cable de red. \ud83d\udcf6 Si usa conexi\u00f3n inal\u00e1mbrica (WiFi), ac\u00e9rquese lo m\u00e1s posible al router o punto de acceso. &#8230;<\/p>\n","protected":false},"author":1,"featured_media":0,"parent":0,"menu_order":0,"comment_status":"closed","ping_status":"closed","template":"elementor_header_footer","meta":{"footnotes":""},"class_list":["post-1571","page","type-page","status-publish","hentry"],"_links":{"self":[{"href":"https:\/\/fesisa.com\/index.php?rest_route=\/wp\/v2\/pages\/1571","targetHints":{"allow":["GET"]}}],"collection":[{"href":"https:\/\/fesisa.com\/index.php?rest_route=\/wp\/v2\/pages"}],"about":[{"href":"https:\/\/fesisa.com\/index.php?rest_route=\/wp\/v2\/types\/page"}],"author":[{"embeddable":true,"href":"https:\/\/fesisa.com\/index.php?rest_route=\/wp\/v2\/users\/1"}],"replies":[{"embeddable":true,"href":"https:\/\/fesisa.com\/index.php?rest_route=%2Fwp%2Fv2%2Fcomments&post=1571"}],"version-history":[{"count":102,"href":"https:\/\/fesisa.com\/index.php?rest_route=\/wp\/v2\/pages\/1571\/revisions"}],"predecessor-version":[{"id":2527,"href":"https:\/\/fesisa.com\/index.php?rest_route=\/wp\/v2\/pages\/1571\/revisions\/2527"}],"wp:attachment":[{"href":"https:\/\/fesisa.com\/index.php?rest_route=%2Fwp%2Fv2%2Fmedia&parent=1571"}],"curies":[{"name":"wp","href":"https:\/\/api.w.org\/{rel}","templated":true}]}}