{"id":1539,"date":"2023-05-01T16:42:44","date_gmt":"2023-05-01T16:42:44","guid":{"rendered":"https:\/\/fesisa.com\/?page_id=1539"},"modified":"2026-02-04T08:53:04","modified_gmt":"2026-02-04T08:53:04","slug":"configuracion-de-servidores-terminal-server","status":"publish","type":"page","link":"https:\/\/fesisa.com\/?page_id=1539","title":{"rendered":"Configuraci\u00f3n de Servidores, Terminal Server."},"content":{"rendered":"\t\t<div data-elementor-type=\"wp-page\" data-elementor-id=\"1539\" class=\"elementor elementor-1539\">\n\t\t\t\t\t\t<section class=\"elementor-section elementor-top-section elementor-element elementor-element-4e627be elementor-section-full_width elementor-section-height-default elementor-section-height-default\" data-id=\"4e627be\" data-element_type=\"section\" data-e-type=\"section\" data-settings=\"{&quot;background_background&quot;:&quot;classic&quot;}\">\n\t\t\t\t\t\t\t<div class=\"elementor-background-overlay\"><\/div>\n\t\t\t\t\t\t\t<div class=\"elementor-container elementor-column-gap-default\">\n\t\t\t\t\t<div class=\"elementor-column elementor-col-100 elementor-top-column elementor-element elementor-element-ac4ef04\" data-id=\"ac4ef04\" data-element_type=\"column\" data-e-type=\"column\">\n\t\t\t<div class=\"elementor-widget-wrap elementor-element-populated\">\n\t\t\t\t\t\t<div class=\"elementor-element elementor-element-5f61136 elementor-invisible elementor-widget elementor-widget-heading\" data-id=\"5f61136\" data-element_type=\"widget\" data-e-type=\"widget\" data-settings=\"{&quot;_animation&quot;:&quot;fadeInLeft&quot;}\" data-widget_type=\"heading.default\">\n\t\t\t\t<div class=\"elementor-widget-container\">\n\t\t\t\t\t<h2 class=\"elementor-heading-title elementor-size-default\">Configuraci\u00f3n de Servidores, Terminal Server.<\/h2>\t\t\t\t<\/div>\n\t\t\t\t<\/div>\n\t\t\t\t\t<\/div>\n\t\t<\/div>\n\t\t\t\t\t<\/div>\n\t\t<\/section>\n\t\t\t\t<section class=\"elementor-section elementor-top-section elementor-element elementor-element-7849bb9 elementor-section-boxed elementor-section-height-default elementor-section-height-default\" data-id=\"7849bb9\" data-element_type=\"section\" data-e-type=\"section\">\n\t\t\t\t\t\t<div class=\"elementor-container elementor-column-gap-default\">\n\t\t\t\t\t<div class=\"elementor-column elementor-col-50 elementor-top-column elementor-element elementor-element-6d8984d3\" data-id=\"6d8984d3\" data-element_type=\"column\" data-e-type=\"column\">\n\t\t\t<div class=\"elementor-widget-wrap elementor-element-populated\">\n\t\t\t\t\t\t<div class=\"elementor-element elementor-element-103a67d8 elementor-widget elementor-widget-text-editor\" data-id=\"103a67d8\" data-element_type=\"widget\" data-e-type=\"widget\" data-widget_type=\"text-editor.default\">\n\t\t\t\t<div class=\"elementor-widget-container\">\n\t\t\t\t\t\t\t\t\t<ul><li><p data-start=\"198\" data-end=\"284\">Optimiza tu infraestructura con implementaci\u00f3n, configuraci\u00f3n y soporte profesional.<\/p><p data-start=\"286\" data-end=\"1052\"><strong data-start=\"286\" data-end=\"312\">Lo que hacemos por ti:<\/strong><br data-start=\"312\" data-end=\"315\" \/>\ud83c\udfd7 <strong data-start=\"318\" data-end=\"357\">Montaje y organizaci\u00f3n de gabinetes<\/strong> \u2013 Instalamos y ordenamos servidores, switches, routers y dem\u00e1s equipos siguiendo normas de calidad y seguridad.<br data-start=\"469\" data-end=\"472\" \/>\ud83d\udcbb <strong data-start=\"475\" data-end=\"508\">Instalaci\u00f3n de Windows Server<\/strong> \u2013 Configuramos el sistema operativo para una administraci\u00f3n centralizada y eficiente de tus recursos.<br data-start=\"610\" data-end=\"613\" \/>\ud83c\udf10 <strong data-start=\"616\" data-end=\"639\" data-is-only-node=\"\">Servicios avanzados<\/strong> \u2013 Implementamos Terminal Server, Directorio Activo y Dominio para acceso remoto seguro y gesti\u00f3n personalizada.<br data-start=\"751\" data-end=\"754\" \/>\ud83d\udee1 <strong data-start=\"757\" data-end=\"788\">Licenciamiento y protecci\u00f3n<\/strong> \u2013 Te asesoramos y gestionamos licencias de sistemas operativos y antivirus para cumplir con normativas y proteger tus datos.<br data-start=\"913\" data-end=\"916\" \/>\ud83d\udd27 <strong data-start=\"919\" data-end=\"960\">Mantenimiento preventivo y correctivo<\/strong> \u2013 Revisiones peri\u00f3dicas y atenci\u00f3n a fallos para garantizar rendimiento y disponibilidad.<\/p><p data-start=\"1054\" data-end=\"1173\">\ud83d\udce9 <strong data-start=\"1057\" data-end=\"1110\">Haz que tu data center sea m\u00e1s seguro y eficiente<\/strong><br data-start=\"1110\" data-end=\"1113\" \/><a class=\"\" href=\"https:\/\/fesisa.com\/#contact\" rel=\"noopener\" data-start=\"1113\" data-end=\"1138\">Solicita tu asesor\u00eda<\/a> y optimiza tu infraestructura hoy.<\/p><\/li><\/ul>\t\t\t\t\t\t\t\t<\/div>\n\t\t\t\t<\/div>\n\t\t\t\t\t<\/div>\n\t\t<\/div>\n\t\t\t\t<div class=\"elementor-column elementor-col-50 elementor-top-column elementor-element elementor-element-ad543ab\" data-id=\"ad543ab\" data-element_type=\"column\" data-e-type=\"column\">\n\t\t\t<div class=\"elementor-widget-wrap elementor-element-populated\">\n\t\t\t\t\t\t<div class=\"elementor-element elementor-element-8355516 elementor-widget elementor-widget-image\" data-id=\"8355516\" data-element_type=\"widget\" data-e-type=\"widget\" data-widget_type=\"image.default\">\n\t\t\t\t<div class=\"elementor-widget-container\">\n\t\t\t\t\t\t\t\t\t\t\t\t\t\t\t<img loading=\"lazy\" decoding=\"async\" width=\"640\" height=\"400\" src=\"https:\/\/fesisa.com\/wp-content\/uploads\/2023\/05\/CONFIGURACION-DE-SERVIDORES.jpg\" class=\"attachment-onepress-medium size-onepress-medium wp-image-1537\" alt=\"\" srcset=\"https:\/\/fesisa.com\/wp-content\/uploads\/2023\/05\/CONFIGURACION-DE-SERVIDORES.jpg 640w, https:\/\/fesisa.com\/wp-content\/uploads\/2023\/05\/CONFIGURACION-DE-SERVIDORES-300x188.jpg 300w, https:\/\/fesisa.com\/wp-content\/uploads\/2023\/05\/CONFIGURACION-DE-SERVIDORES-480x300.jpg 480w, https:\/\/fesisa.com\/wp-content\/uploads\/2023\/05\/elementor\/thumbs\/CONFIGURACION-DE-SERVIDORES-q5tyna19ixadylrz9vtq7ww2tsjthzn8inhe3m6n0u.jpg 350w\" sizes=\"auto, (max-width: 640px) 100vw, 640px\" \/>\t\t\t\t\t\t\t\t\t\t\t\t\t\t\t<\/div>\n\t\t\t\t<\/div>\n\t\t\t\t\t<\/div>\n\t\t<\/div>\n\t\t\t\t\t<\/div>\n\t\t<\/section>\n\t\t\t\t<section class=\"elementor-section elementor-top-section elementor-element elementor-element-2951e302 elementor-section-boxed elementor-section-height-default elementor-section-height-default\" data-id=\"2951e302\" data-element_type=\"section\" data-e-type=\"section\">\n\t\t\t\t\t\t<div class=\"elementor-container elementor-column-gap-default\">\n\t\t\t\t\t<div class=\"elementor-column elementor-col-100 elementor-top-column elementor-element elementor-element-d6f6ac8\" data-id=\"d6f6ac8\" data-element_type=\"column\" data-e-type=\"column\">\n\t\t\t<div class=\"elementor-widget-wrap\">\n\t\t\t\t\t\t\t<\/div>\n\t\t<\/div>\n\t\t\t\t\t<\/div>\n\t\t<\/section>\n\t\t\t\t<section class=\"elementor-section elementor-top-section elementor-element elementor-element-385ee95 elementor-section-boxed elementor-section-height-default elementor-section-height-default\" data-id=\"385ee95\" data-element_type=\"section\" data-e-type=\"section\">\n\t\t\t\t\t\t<div class=\"elementor-container elementor-column-gap-default\">\n\t\t\t\t\t<div class=\"elementor-column elementor-col-33 elementor-top-column elementor-element elementor-element-5ab37e9\" data-id=\"5ab37e9\" data-element_type=\"column\" data-e-type=\"column\">\n\t\t\t<div class=\"elementor-widget-wrap elementor-element-populated\">\n\t\t\t\t\t\t<div class=\"elementor-element elementor-element-b2ac4ba elementor-widget elementor-widget-heading\" data-id=\"b2ac4ba\" data-element_type=\"widget\" data-e-type=\"widget\" data-widget_type=\"heading.default\">\n\t\t\t\t<div class=\"elementor-widget-container\">\n\t\t\t\t\t<h3 class=\"elementor-heading-title elementor-size-default\"><a href=\"https:\/\/fesisa.com\/?page_id=1477\">Soporte T\u00e9cnico de Laptops y Computadoras.<\/a><\/h3>\t\t\t\t<\/div>\n\t\t\t\t<\/div>\n\t\t\t\t<div class=\"elementor-element elementor-element-0699c5d elementor-widget elementor-widget-image\" data-id=\"0699c5d\" data-element_type=\"widget\" data-e-type=\"widget\" data-widget_type=\"image.default\">\n\t\t\t\t<div class=\"elementor-widget-container\">\n\t\t\t\t\t\t\t\t\t\t\t\t\t\t\t\t<a href=\"https:\/\/fesisa.com\/?page_id=1477\">\n\t\t\t\t\t\t\t<img loading=\"lazy\" decoding=\"async\" width=\"300\" height=\"188\" src=\"https:\/\/fesisa.com\/wp-content\/uploads\/2023\/05\/SOPORTE-TECNICO-LAPTOPS-300x188.jpg\" class=\"attachment-medium size-medium wp-image-1478\" alt=\"\" srcset=\"https:\/\/fesisa.com\/wp-content\/uploads\/2023\/05\/SOPORTE-TECNICO-LAPTOPS-300x188.jpg 300w, https:\/\/fesisa.com\/wp-content\/uploads\/2023\/05\/SOPORTE-TECNICO-LAPTOPS-480x300.jpg 480w, https:\/\/fesisa.com\/wp-content\/uploads\/2023\/05\/elementor\/thumbs\/SOPORTE-TECNICO-LAPTOPS-q5t0v2myo0e7u4dt267m0th8lv2m0ne6mzsbytgpvy.jpg 350w, https:\/\/fesisa.com\/wp-content\/uploads\/2023\/05\/SOPORTE-TECNICO-LAPTOPS.jpg 640w\" sizes=\"auto, (max-width: 300px) 100vw, 300px\" \/>\t\t\t\t\t\t\t\t<\/a>\n\t\t\t\t\t\t\t\t\t\t\t\t\t\t\t<\/div>\n\t\t\t\t<\/div>\n\t\t\t\t\t<\/div>\n\t\t<\/div>\n\t\t\t\t<div class=\"elementor-column elementor-col-33 elementor-top-column elementor-element elementor-element-e36edca\" data-id=\"e36edca\" data-element_type=\"column\" data-e-type=\"column\">\n\t\t\t<div class=\"elementor-widget-wrap elementor-element-populated\">\n\t\t\t\t\t\t<div class=\"elementor-element elementor-element-ecefd01 elementor-widget elementor-widget-heading\" data-id=\"ecefd01\" data-element_type=\"widget\" data-e-type=\"widget\" data-widget_type=\"heading.default\">\n\t\t\t\t<div class=\"elementor-widget-container\">\n\t\t\t\t\t<h3 class=\"elementor-heading-title elementor-size-default\"><a href=\"https:\/\/fesisa.com\/?page_id=1531\">Implementaci\u00f3n de Cableado Estructurado.<\/a><\/h3>\t\t\t\t<\/div>\n\t\t\t\t<\/div>\n\t\t\t\t<div class=\"elementor-element elementor-element-ff50d3e elementor-widget elementor-widget-image\" data-id=\"ff50d3e\" data-element_type=\"widget\" data-e-type=\"widget\" data-widget_type=\"image.default\">\n\t\t\t\t<div class=\"elementor-widget-container\">\n\t\t\t\t\t\t\t\t\t\t\t\t\t\t\t\t<a href=\"https:\/\/fesisa.com\/?page_id=1531\">\n\t\t\t\t\t\t\t<img loading=\"lazy\" decoding=\"async\" width=\"300\" height=\"188\" src=\"https:\/\/fesisa.com\/wp-content\/uploads\/2023\/05\/CABLEADO-ESTRUCTURADO-300x188.jpg\" class=\"attachment-medium size-medium wp-image-1532\" alt=\"\" srcset=\"https:\/\/fesisa.com\/wp-content\/uploads\/2023\/05\/CABLEADO-ESTRUCTURADO-300x188.jpg 300w, https:\/\/fesisa.com\/wp-content\/uploads\/2023\/05\/CABLEADO-ESTRUCTURADO-480x300.jpg 480w, https:\/\/fesisa.com\/wp-content\/uploads\/2023\/05\/elementor\/thumbs\/CABLEADO-ESTRUCTURADO-q5tyix27tlbi3q3zqhz15ii3mg1isjc292jayendvy.jpg 350w, https:\/\/fesisa.com\/wp-content\/uploads\/2023\/05\/CABLEADO-ESTRUCTURADO.jpg 640w\" sizes=\"auto, (max-width: 300px) 100vw, 300px\" \/>\t\t\t\t\t\t\t\t<\/a>\n\t\t\t\t\t\t\t\t\t\t\t\t\t\t\t<\/div>\n\t\t\t\t<\/div>\n\t\t\t\t\t<\/div>\n\t\t<\/div>\n\t\t\t\t<div class=\"elementor-column elementor-col-33 elementor-top-column elementor-element elementor-element-de04f79\" data-id=\"de04f79\" data-element_type=\"column\" data-e-type=\"column\">\n\t\t\t<div class=\"elementor-widget-wrap elementor-element-populated\">\n\t\t\t\t\t\t<div class=\"elementor-element elementor-element-55b336e elementor-widget elementor-widget-heading\" data-id=\"55b336e\" data-element_type=\"widget\" data-e-type=\"widget\" data-widget_type=\"heading.default\">\n\t\t\t\t<div class=\"elementor-widget-container\">\n\t\t\t\t\t<h3 class=\"elementor-heading-title elementor-size-default\"><a href=\"https:\/\/fesisa.com\/?page_id=1535\">Instalaci\u00f3n de C\u00e1maras de Seguridad.<\/a><\/h3>\t\t\t\t<\/div>\n\t\t\t\t<\/div>\n\t\t\t\t<div class=\"elementor-element elementor-element-fad7f2e elementor-widget elementor-widget-image\" data-id=\"fad7f2e\" data-element_type=\"widget\" data-e-type=\"widget\" data-widget_type=\"image.default\">\n\t\t\t\t<div class=\"elementor-widget-container\">\n\t\t\t\t\t\t\t\t\t\t\t\t\t\t\t\t<a href=\"https:\/\/fesisa.com\/?page_id=1535\">\n\t\t\t\t\t\t\t<img loading=\"lazy\" decoding=\"async\" width=\"300\" height=\"188\" src=\"https:\/\/fesisa.com\/wp-content\/uploads\/2023\/05\/CAMARA-DE-SEGURIDAD-300x188.jpg\" class=\"attachment-medium size-medium wp-image-1536\" alt=\"\" srcset=\"https:\/\/fesisa.com\/wp-content\/uploads\/2023\/05\/CAMARA-DE-SEGURIDAD-300x188.jpg 300w, https:\/\/fesisa.com\/wp-content\/uploads\/2023\/05\/CAMARA-DE-SEGURIDAD-480x300.jpg 480w, https:\/\/fesisa.com\/wp-content\/uploads\/2023\/05\/elementor\/thumbs\/CAMARA-DE-SEGURIDAD-q5tyn93fc393mztcfdf3nf4m8eogaaji6itwmc8172.jpg 350w, https:\/\/fesisa.com\/wp-content\/uploads\/2023\/05\/CAMARA-DE-SEGURIDAD.jpg 640w\" sizes=\"auto, (max-width: 300px) 100vw, 300px\" \/>\t\t\t\t\t\t\t\t<\/a>\n\t\t\t\t\t\t\t\t\t\t\t\t\t\t\t<\/div>\n\t\t\t\t<\/div>\n\t\t\t\t\t<\/div>\n\t\t<\/div>\n\t\t\t\t\t<\/div>\n\t\t<\/section>\n\t\t\t\t<section class=\"elementor-section elementor-top-section elementor-element elementor-element-94c0787 elementor-section-boxed elementor-section-height-default elementor-section-height-default\" data-id=\"94c0787\" data-element_type=\"section\" data-e-type=\"section\">\n\t\t\t\t\t\t<div class=\"elementor-container elementor-column-gap-default\">\n\t\t\t\t\t<div class=\"elementor-column elementor-col-100 elementor-top-column elementor-element elementor-element-8f1981c\" data-id=\"8f1981c\" data-element_type=\"column\" data-e-type=\"column\">\n\t\t\t<div class=\"elementor-widget-wrap\">\n\t\t\t\t\t\t\t<\/div>\n\t\t<\/div>\n\t\t\t\t\t<\/div>\n\t\t<\/section>\n\t\t\t\t<section class=\"elementor-section elementor-top-section elementor-element elementor-element-b20a848 elementor-section-boxed elementor-section-height-default elementor-section-height-default\" data-id=\"b20a848\" data-element_type=\"section\" data-e-type=\"section\">\n\t\t\t\t\t\t<div class=\"elementor-container elementor-column-gap-default\">\n\t\t\t\t\t<div class=\"elementor-column elementor-col-50 elementor-top-column elementor-element elementor-element-f6d6e26\" data-id=\"f6d6e26\" data-element_type=\"column\" data-e-type=\"column\">\n\t\t\t<div class=\"elementor-widget-wrap elementor-element-populated\">\n\t\t\t\t\t\t<div class=\"elementor-element elementor-element-41d6cd6 elementor-widget elementor-widget-heading\" data-id=\"41d6cd6\" data-element_type=\"widget\" data-e-type=\"widget\" data-widget_type=\"heading.default\">\n\t\t\t\t<div class=\"elementor-widget-container\">\n\t\t\t\t\t<h3 class=\"elementor-heading-title elementor-size-default\"><a href=\"https:\/\/fesisa.com\/?page_id=2027\">Asesor\u00eda en licenciamiento de Software<\/a><\/h3>\t\t\t\t<\/div>\n\t\t\t\t<\/div>\n\t\t\t\t<div class=\"elementor-element elementor-element-d82c0ad elementor-widget elementor-widget-image\" data-id=\"d82c0ad\" data-element_type=\"widget\" data-e-type=\"widget\" data-widget_type=\"image.default\">\n\t\t\t\t<div class=\"elementor-widget-container\">\n\t\t\t\t\t\t\t\t\t\t\t\t\t\t\t\t<a href=\"https:\/\/fesisa.com\/?page_id=2027\">\n\t\t\t\t\t\t\t<img loading=\"lazy\" decoding=\"async\" width=\"300\" height=\"188\" src=\"https:\/\/fesisa.com\/wp-content\/uploads\/2024\/03\/licencia-300x188.png\" class=\"attachment-medium size-medium wp-image-2029\" alt=\"\" srcset=\"https:\/\/fesisa.com\/wp-content\/uploads\/2024\/03\/licencia-300x188.png 300w, https:\/\/fesisa.com\/wp-content\/uploads\/2024\/03\/licencia.png 350w\" sizes=\"auto, (max-width: 300px) 100vw, 300px\" \/>\t\t\t\t\t\t\t\t<\/a>\n\t\t\t\t\t\t\t\t\t\t\t\t\t\t\t<\/div>\n\t\t\t\t<\/div>\n\t\t\t\t\t<\/div>\n\t\t<\/div>\n\t\t\t\t<div class=\"elementor-column elementor-col-50 elementor-top-column elementor-element elementor-element-c32f6ab\" data-id=\"c32f6ab\" data-element_type=\"column\" data-e-type=\"column\">\n\t\t\t<div class=\"elementor-widget-wrap elementor-element-populated\">\n\t\t\t\t\t\t<div class=\"elementor-element elementor-element-cb5469a elementor-widget elementor-widget-heading\" data-id=\"cb5469a\" data-element_type=\"widget\" data-e-type=\"widget\" data-widget_type=\"heading.default\">\n\t\t\t\t<div class=\"elementor-widget-container\">\n\t\t\t\t\t<h3 class=\"elementor-heading-title elementor-size-default\"><a href=\"https:\/\/fesisa.com\/?page_id=1571\">Asistencia <br>en l\u00ednea.<\/a><\/h3>\t\t\t\t<\/div>\n\t\t\t\t<\/div>\n\t\t\t\t<div class=\"elementor-element elementor-element-8bfae90 elementor-widget elementor-widget-image\" data-id=\"8bfae90\" data-element_type=\"widget\" data-e-type=\"widget\" data-widget_type=\"image.default\">\n\t\t\t\t<div class=\"elementor-widget-container\">\n\t\t\t\t\t\t\t\t\t\t\t\t\t\t\t\t<a href=\"https:\/\/fesisa.com\/?page_id=1571\">\n\t\t\t\t\t\t\t<img loading=\"lazy\" decoding=\"async\" width=\"300\" height=\"188\" src=\"https:\/\/fesisa.com\/wp-content\/uploads\/2024\/10\/asistencia-en-linea-300x188.png\" class=\"attachment-medium size-medium wp-image-2278\" alt=\"\" srcset=\"https:\/\/fesisa.com\/wp-content\/uploads\/2024\/10\/asistencia-en-linea-300x188.png 300w, https:\/\/fesisa.com\/wp-content\/uploads\/2024\/10\/asistencia-en-linea.png 350w\" sizes=\"auto, (max-width: 300px) 100vw, 300px\" \/>\t\t\t\t\t\t\t\t<\/a>\n\t\t\t\t\t\t\t\t\t\t\t\t\t\t\t<\/div>\n\t\t\t\t<\/div>\n\t\t\t\t\t<\/div>\n\t\t<\/div>\n\t\t\t\t\t<\/div>\n\t\t<\/section>\n\t\t\t\t<\/div>\n\t\t","protected":false},"excerpt":{"rendered":"<p>Configuraci\u00f3n de Servidores, Terminal Server. Optimiza tu infraestructura con implementaci\u00f3n, configuraci\u00f3n y soporte profesional. Lo que hacemos por ti:\ud83c\udfd7 Montaje y organizaci\u00f3n de gabinetes \u2013 Instalamos y ordenamos servidores, switches, &#8230;<\/p>\n","protected":false},"author":1,"featured_media":0,"parent":0,"menu_order":0,"comment_status":"closed","ping_status":"closed","template":"elementor_header_footer","meta":{"footnotes":""},"class_list":["post-1539","page","type-page","status-publish","hentry"],"_links":{"self":[{"href":"https:\/\/fesisa.com\/index.php?rest_route=\/wp\/v2\/pages\/1539","targetHints":{"allow":["GET"]}}],"collection":[{"href":"https:\/\/fesisa.com\/index.php?rest_route=\/wp\/v2\/pages"}],"about":[{"href":"https:\/\/fesisa.com\/index.php?rest_route=\/wp\/v2\/types\/page"}],"author":[{"embeddable":true,"href":"https:\/\/fesisa.com\/index.php?rest_route=\/wp\/v2\/users\/1"}],"replies":[{"embeddable":true,"href":"https:\/\/fesisa.com\/index.php?rest_route=%2Fwp%2Fv2%2Fcomments&post=1539"}],"version-history":[{"count":42,"href":"https:\/\/fesisa.com\/index.php?rest_route=\/wp\/v2\/pages\/1539\/revisions"}],"predecessor-version":[{"id":2534,"href":"https:\/\/fesisa.com\/index.php?rest_route=\/wp\/v2\/pages\/1539\/revisions\/2534"}],"wp:attachment":[{"href":"https:\/\/fesisa.com\/index.php?rest_route=%2Fwp%2Fv2%2Fmedia&parent=1539"}],"curies":[{"name":"wp","href":"https:\/\/api.w.org\/{rel}","templated":true}]}}