{"id":1535,"date":"2023-05-01T16:41:33","date_gmt":"2023-05-01T16:41:33","guid":{"rendered":"https:\/\/fesisa.com\/?page_id=1535"},"modified":"2025-08-08T20:04:59","modified_gmt":"2025-08-08T20:04:59","slug":"instalacion-de-camaras-de-seguridad","status":"publish","type":"page","link":"https:\/\/fesisa.com\/?page_id=1535","title":{"rendered":"Instalaci\u00f3n de C\u00e1maras de Seguridad."},"content":{"rendered":"\t\t<div data-elementor-type=\"wp-page\" data-elementor-id=\"1535\" class=\"elementor elementor-1535\">\n\t\t\t\t\t\t<section class=\"elementor-section elementor-top-section elementor-element elementor-element-da45da1 elementor-section-full_width elementor-section-height-default elementor-section-height-default\" data-id=\"da45da1\" data-element_type=\"section\" data-e-type=\"section\" data-settings=\"{&quot;background_background&quot;:&quot;classic&quot;}\">\n\t\t\t\t\t\t\t<div class=\"elementor-background-overlay\"><\/div>\n\t\t\t\t\t\t\t<div class=\"elementor-container elementor-column-gap-default\">\n\t\t\t\t\t<div class=\"elementor-column elementor-col-100 elementor-top-column elementor-element elementor-element-d9a576b\" data-id=\"d9a576b\" data-element_type=\"column\" data-e-type=\"column\">\n\t\t\t<div class=\"elementor-widget-wrap elementor-element-populated\">\n\t\t\t\t\t\t<div class=\"elementor-element elementor-element-19c1021 elementor-invisible elementor-widget elementor-widget-heading\" data-id=\"19c1021\" data-element_type=\"widget\" data-e-type=\"widget\" data-settings=\"{&quot;_animation&quot;:&quot;fadeInLeft&quot;}\" data-widget_type=\"heading.default\">\n\t\t\t\t<div class=\"elementor-widget-container\">\n\t\t\t\t\t<h2 class=\"elementor-heading-title elementor-size-default\">Instalaci\u00f3n de C\u00e1maras de Seguridad.<\/h2>\t\t\t\t<\/div>\n\t\t\t\t<\/div>\n\t\t\t\t\t<\/div>\n\t\t<\/div>\n\t\t\t\t\t<\/div>\n\t\t<\/section>\n\t\t\t\t<section class=\"elementor-section elementor-top-section elementor-element elementor-element-6064df1 elementor-section-boxed elementor-section-height-default elementor-section-height-default\" data-id=\"6064df1\" data-element_type=\"section\" data-e-type=\"section\">\n\t\t\t\t\t\t<div class=\"elementor-container elementor-column-gap-default\">\n\t\t\t\t\t<div class=\"elementor-column elementor-col-50 elementor-top-column elementor-element elementor-element-75dea89\" data-id=\"75dea89\" data-element_type=\"column\" data-e-type=\"column\">\n\t\t\t<div class=\"elementor-widget-wrap elementor-element-populated\">\n\t\t\t\t\t\t<div class=\"elementor-element elementor-element-68b0f818 elementor-widget elementor-widget-text-editor\" data-id=\"68b0f818\" data-element_type=\"widget\" data-e-type=\"widget\" data-widget_type=\"text-editor.default\">\n\t\t\t\t<div class=\"elementor-widget-container\">\n\t\t\t\t\t\t\t\t\t<ul><li><p data-start=\"229\" data-end=\"301\">Protege lo que m\u00e1s importa con tecnolog\u00eda confiable y soporte experto.<\/p><p data-start=\"303\" data-end=\"1018\"><strong data-start=\"303\" data-end=\"329\">Lo que hacemos por ti:<\/strong><br data-start=\"329\" data-end=\"332\" \/>\ud83d\udce1 <strong data-start=\"335\" data-end=\"372\">Sistemas cableados e inal\u00e1mbricos<\/strong> \u2013 Te asesoramos e instalamos la conexi\u00f3n ideal (cable o WiFi) para m\u00e1xima estabilidad y seguridad.<br data-start=\"471\" data-end=\"474\" \/>\ud83c\udfa5 <strong data-start=\"477\" data-end=\"510\">Calidad de imagen a tu medida<\/strong> \u2013 CCTV, HD, Full HD, 4K, 8K o IP, con acceso en tiempo real desde cualquier dispositivo.<br data-start=\"599\" data-end=\"602\" \/>\ud83d\udcbe <strong data-start=\"605\" data-end=\"629\" data-is-only-node=\"\">Grabadores avanzados<\/strong> \u2013 DVR, NVR, XVR y sistemas con inteligencia artificial para detecci\u00f3n, reconocimiento y an\u00e1lisis.<br data-start=\"727\" data-end=\"730\" \/>\ud83d\udee0 <strong data-start=\"733\" data-end=\"774\">Mantenimiento preventivo y correctivo<\/strong> \u2013 Evita fallos y mant\u00e9n tu sistema siempre operativo.<br data-start=\"828\" data-end=\"831\" \/>\ud83d\udd04 <strong data-start=\"834\" data-end=\"859\">Migraci\u00f3n tecnol\u00f3gica<\/strong> \u2013 Actualiza tu sistema sin perder calidad ni seguridad.<br data-start=\"915\" data-end=\"918\" \/>\ud83d\udcc2 <strong data-start=\"921\" data-end=\"948\">Respaldo de grabaciones<\/strong> \u2013 Copias de seguridad para proteger tus evidencias m\u00e1s importantes.<\/p><p data-start=\"1020\" data-end=\"1126\">\ud83d\udce9 <strong data-start=\"1023\" data-end=\"1072\">Refuerza la seguridad de tu espacio hoy mismo<\/strong><br data-start=\"1072\" data-end=\"1075\" \/><a class=\"\" href=\"https:\/\/fesisa.com\/#contact\" rel=\"noopener\" data-start=\"1075\" data-end=\"1102\">Solicita tu cotizaci\u00f3n<\/a> y lo instalamos por ti.<\/p><\/li><\/ul>\t\t\t\t\t\t\t\t<\/div>\n\t\t\t\t<\/div>\n\t\t\t\t\t<\/div>\n\t\t<\/div>\n\t\t\t\t<div class=\"elementor-column elementor-col-50 elementor-top-column elementor-element elementor-element-1949b7a\" data-id=\"1949b7a\" data-element_type=\"column\" data-e-type=\"column\">\n\t\t\t<div class=\"elementor-widget-wrap elementor-element-populated\">\n\t\t\t\t\t\t<div class=\"elementor-element elementor-element-dd1196f elementor-widget elementor-widget-image\" data-id=\"dd1196f\" data-element_type=\"widget\" data-e-type=\"widget\" data-widget_type=\"image.default\">\n\t\t\t\t<div class=\"elementor-widget-container\">\n\t\t\t\t\t\t\t\t\t\t\t\t\t\t\t<img loading=\"lazy\" decoding=\"async\" width=\"640\" height=\"400\" src=\"https:\/\/fesisa.com\/wp-content\/uploads\/2023\/05\/CAMARA-DE-SEGURIDAD.jpg\" class=\"attachment-onepress-medium size-onepress-medium wp-image-1536\" alt=\"\" srcset=\"https:\/\/fesisa.com\/wp-content\/uploads\/2023\/05\/CAMARA-DE-SEGURIDAD.jpg 640w, https:\/\/fesisa.com\/wp-content\/uploads\/2023\/05\/CAMARA-DE-SEGURIDAD-300x188.jpg 300w, https:\/\/fesisa.com\/wp-content\/uploads\/2023\/05\/CAMARA-DE-SEGURIDAD-480x300.jpg 480w, https:\/\/fesisa.com\/wp-content\/uploads\/2023\/05\/elementor\/thumbs\/CAMARA-DE-SEGURIDAD-q5tyn93fc393mztcfdf3nf4m8eogaaji6itwmc8172.jpg 350w\" sizes=\"auto, (max-width: 640px) 100vw, 640px\" \/>\t\t\t\t\t\t\t\t\t\t\t\t\t\t\t<\/div>\n\t\t\t\t<\/div>\n\t\t\t\t\t<\/div>\n\t\t<\/div>\n\t\t\t\t\t<\/div>\n\t\t<\/section>\n\t\t\t\t<section class=\"elementor-section elementor-top-section elementor-element elementor-element-2a88be5 elementor-section-boxed elementor-section-height-default elementor-section-height-default\" data-id=\"2a88be5\" data-element_type=\"section\" data-e-type=\"section\">\n\t\t\t\t\t\t<div class=\"elementor-container elementor-column-gap-default\">\n\t\t\t\t\t<div class=\"elementor-column elementor-col-33 elementor-top-column elementor-element elementor-element-a1eba41\" data-id=\"a1eba41\" data-element_type=\"column\" data-e-type=\"column\">\n\t\t\t<div class=\"elementor-widget-wrap elementor-element-populated\">\n\t\t\t\t\t\t<div class=\"elementor-element elementor-element-dca81ea elementor-widget elementor-widget-heading\" data-id=\"dca81ea\" data-element_type=\"widget\" data-e-type=\"widget\" data-widget_type=\"heading.default\">\n\t\t\t\t<div class=\"elementor-widget-container\">\n\t\t\t\t\t<h3 class=\"elementor-heading-title elementor-size-default\"><a href=\"https:\/\/fesisa.com\/?page_id=1477\">Soporte T\u00e9cnico de Laptops y Computadoras.<\/a><\/h3>\t\t\t\t<\/div>\n\t\t\t\t<\/div>\n\t\t\t\t<div class=\"elementor-element elementor-element-af7671a elementor-widget elementor-widget-image\" data-id=\"af7671a\" data-element_type=\"widget\" data-e-type=\"widget\" data-widget_type=\"image.default\">\n\t\t\t\t<div class=\"elementor-widget-container\">\n\t\t\t\t\t\t\t\t\t\t\t\t\t\t\t\t<a href=\"https:\/\/fesisa.com\/?page_id=1477\">\n\t\t\t\t\t\t\t<img loading=\"lazy\" decoding=\"async\" width=\"300\" height=\"188\" src=\"https:\/\/fesisa.com\/wp-content\/uploads\/2023\/05\/SOPORTE-TECNICO-LAPTOPS-300x188.jpg\" class=\"attachment-medium size-medium wp-image-1478\" alt=\"\" srcset=\"https:\/\/fesisa.com\/wp-content\/uploads\/2023\/05\/SOPORTE-TECNICO-LAPTOPS-300x188.jpg 300w, https:\/\/fesisa.com\/wp-content\/uploads\/2023\/05\/SOPORTE-TECNICO-LAPTOPS-480x300.jpg 480w, https:\/\/fesisa.com\/wp-content\/uploads\/2023\/05\/elementor\/thumbs\/SOPORTE-TECNICO-LAPTOPS-q5t0v2myo0e7u4dt267m0th8lv2m0ne6mzsbytgpvy.jpg 350w, https:\/\/fesisa.com\/wp-content\/uploads\/2023\/05\/SOPORTE-TECNICO-LAPTOPS.jpg 640w\" sizes=\"auto, (max-width: 300px) 100vw, 300px\" \/>\t\t\t\t\t\t\t\t<\/a>\n\t\t\t\t\t\t\t\t\t\t\t\t\t\t\t<\/div>\n\t\t\t\t<\/div>\n\t\t\t\t\t<\/div>\n\t\t<\/div>\n\t\t\t\t<div class=\"elementor-column elementor-col-33 elementor-top-column elementor-element elementor-element-90b01fc\" data-id=\"90b01fc\" data-element_type=\"column\" data-e-type=\"column\">\n\t\t\t<div class=\"elementor-widget-wrap elementor-element-populated\">\n\t\t\t\t\t\t<div class=\"elementor-element elementor-element-e3c3e7b elementor-widget elementor-widget-heading\" data-id=\"e3c3e7b\" data-element_type=\"widget\" data-e-type=\"widget\" data-widget_type=\"heading.default\">\n\t\t\t\t<div class=\"elementor-widget-container\">\n\t\t\t\t\t<h3 class=\"elementor-heading-title elementor-size-default\"><a href=\"https:\/\/fesisa.com\/?page_id=1531\">Implementaci\u00f3n de Cableado Estructurado.<\/a><\/h3>\t\t\t\t<\/div>\n\t\t\t\t<\/div>\n\t\t\t\t<div class=\"elementor-element elementor-element-85d85de elementor-widget elementor-widget-image\" data-id=\"85d85de\" data-element_type=\"widget\" data-e-type=\"widget\" data-widget_type=\"image.default\">\n\t\t\t\t<div class=\"elementor-widget-container\">\n\t\t\t\t\t\t\t\t\t\t\t\t\t\t\t\t<a href=\"https:\/\/fesisa.com\/?page_id=1531\">\n\t\t\t\t\t\t\t<img loading=\"lazy\" decoding=\"async\" width=\"300\" height=\"188\" src=\"https:\/\/fesisa.com\/wp-content\/uploads\/2023\/05\/CABLEADO-ESTRUCTURADO-300x188.jpg\" class=\"attachment-medium size-medium wp-image-1532\" alt=\"\" srcset=\"https:\/\/fesisa.com\/wp-content\/uploads\/2023\/05\/CABLEADO-ESTRUCTURADO-300x188.jpg 300w, https:\/\/fesisa.com\/wp-content\/uploads\/2023\/05\/CABLEADO-ESTRUCTURADO-480x300.jpg 480w, https:\/\/fesisa.com\/wp-content\/uploads\/2023\/05\/elementor\/thumbs\/CABLEADO-ESTRUCTURADO-q5tyix27tlbi3q3zqhz15ii3mg1isjc292jayendvy.jpg 350w, https:\/\/fesisa.com\/wp-content\/uploads\/2023\/05\/CABLEADO-ESTRUCTURADO.jpg 640w\" sizes=\"auto, (max-width: 300px) 100vw, 300px\" \/>\t\t\t\t\t\t\t\t<\/a>\n\t\t\t\t\t\t\t\t\t\t\t\t\t\t\t<\/div>\n\t\t\t\t<\/div>\n\t\t\t\t\t<\/div>\n\t\t<\/div>\n\t\t\t\t<div class=\"elementor-column elementor-col-33 elementor-top-column elementor-element elementor-element-15947f1\" data-id=\"15947f1\" data-element_type=\"column\" data-e-type=\"column\">\n\t\t\t<div class=\"elementor-widget-wrap elementor-element-populated\">\n\t\t\t\t\t\t<div class=\"elementor-element elementor-element-71673d0 elementor-widget elementor-widget-heading\" data-id=\"71673d0\" data-element_type=\"widget\" data-e-type=\"widget\" data-widget_type=\"heading.default\">\n\t\t\t\t<div class=\"elementor-widget-container\">\n\t\t\t\t\t<h3 class=\"elementor-heading-title elementor-size-default\"><a href=\"https:\/\/fesisa.com\/?page_id=1539\">Configuraci\u00f3n de Servidores, Terminal Server.<\/a><\/h3>\t\t\t\t<\/div>\n\t\t\t\t<\/div>\n\t\t\t\t<div class=\"elementor-element elementor-element-748faa2 elementor-widget elementor-widget-image\" data-id=\"748faa2\" data-element_type=\"widget\" data-e-type=\"widget\" data-widget_type=\"image.default\">\n\t\t\t\t<div class=\"elementor-widget-container\">\n\t\t\t\t\t\t\t\t\t\t\t\t\t\t\t\t<a href=\"https:\/\/fesisa.com\/?page_id=1539\">\n\t\t\t\t\t\t\t<img loading=\"lazy\" decoding=\"async\" width=\"300\" height=\"188\" src=\"https:\/\/fesisa.com\/wp-content\/uploads\/2023\/05\/CONFIGURACION-DE-SERVIDORES-300x188.jpg\" class=\"attachment-medium size-medium wp-image-1537\" alt=\"\" srcset=\"https:\/\/fesisa.com\/wp-content\/uploads\/2023\/05\/CONFIGURACION-DE-SERVIDORES-300x188.jpg 300w, https:\/\/fesisa.com\/wp-content\/uploads\/2023\/05\/CONFIGURACION-DE-SERVIDORES-480x300.jpg 480w, https:\/\/fesisa.com\/wp-content\/uploads\/2023\/05\/elementor\/thumbs\/CONFIGURACION-DE-SERVIDORES-q5tyna19ixadylrz9vtq7ww2tsjthzn8inhe3m6n0u.jpg 350w, https:\/\/fesisa.com\/wp-content\/uploads\/2023\/05\/CONFIGURACION-DE-SERVIDORES.jpg 640w\" sizes=\"auto, (max-width: 300px) 100vw, 300px\" \/>\t\t\t\t\t\t\t\t<\/a>\n\t\t\t\t\t\t\t\t\t\t\t\t\t\t\t<\/div>\n\t\t\t\t<\/div>\n\t\t\t\t\t<\/div>\n\t\t<\/div>\n\t\t\t\t\t<\/div>\n\t\t<\/section>\n\t\t\t\t<section class=\"elementor-section elementor-top-section elementor-element elementor-element-e47b6f3 elementor-section-boxed elementor-section-height-default elementor-section-height-default\" data-id=\"e47b6f3\" data-element_type=\"section\" data-e-type=\"section\">\n\t\t\t\t\t\t<div class=\"elementor-container elementor-column-gap-default\">\n\t\t\t\t\t<div class=\"elementor-column elementor-col-50 elementor-top-column elementor-element elementor-element-912add2\" data-id=\"912add2\" data-element_type=\"column\" data-e-type=\"column\">\n\t\t\t<div class=\"elementor-widget-wrap elementor-element-populated\">\n\t\t\t\t\t\t<div class=\"elementor-element elementor-element-6510f30 elementor-widget elementor-widget-heading\" data-id=\"6510f30\" data-element_type=\"widget\" data-e-type=\"widget\" data-widget_type=\"heading.default\">\n\t\t\t\t<div class=\"elementor-widget-container\">\n\t\t\t\t\t<h3 class=\"elementor-heading-title elementor-size-default\"><a href=\"https:\/\/fesisa.com\/?page_id=2027\">Asesor\u00eda en licenciamiento de Software<\/a><\/h3>\t\t\t\t<\/div>\n\t\t\t\t<\/div>\n\t\t\t\t<div class=\"elementor-element elementor-element-4dabbf7 elementor-widget elementor-widget-image\" data-id=\"4dabbf7\" data-element_type=\"widget\" data-e-type=\"widget\" data-widget_type=\"image.default\">\n\t\t\t\t<div class=\"elementor-widget-container\">\n\t\t\t\t\t\t\t\t\t\t\t\t\t\t\t\t<a href=\"https:\/\/fesisa.com\/?page_id=2027\">\n\t\t\t\t\t\t\t<img loading=\"lazy\" decoding=\"async\" width=\"300\" height=\"188\" src=\"https:\/\/fesisa.com\/wp-content\/uploads\/2024\/03\/licencia-300x188.png\" class=\"attachment-medium size-medium wp-image-2029\" alt=\"\" srcset=\"https:\/\/fesisa.com\/wp-content\/uploads\/2024\/03\/licencia-300x188.png 300w, https:\/\/fesisa.com\/wp-content\/uploads\/2024\/03\/licencia.png 350w\" sizes=\"auto, (max-width: 300px) 100vw, 300px\" \/>\t\t\t\t\t\t\t\t<\/a>\n\t\t\t\t\t\t\t\t\t\t\t\t\t\t\t<\/div>\n\t\t\t\t<\/div>\n\t\t\t\t\t<\/div>\n\t\t<\/div>\n\t\t\t\t<div class=\"elementor-column elementor-col-50 elementor-top-column elementor-element elementor-element-80a97d5\" data-id=\"80a97d5\" data-element_type=\"column\" data-e-type=\"column\">\n\t\t\t<div class=\"elementor-widget-wrap elementor-element-populated\">\n\t\t\t\t\t\t<div class=\"elementor-element elementor-element-0f4b658 elementor-widget elementor-widget-heading\" data-id=\"0f4b658\" data-element_type=\"widget\" data-e-type=\"widget\" data-widget_type=\"heading.default\">\n\t\t\t\t<div class=\"elementor-widget-container\">\n\t\t\t\t\t<h3 class=\"elementor-heading-title elementor-size-default\"><a href=\"https:\/\/fesisa.com\/?page_id=1571\">Asistencia <br>en l\u00ednea.<\/a><\/h3>\t\t\t\t<\/div>\n\t\t\t\t<\/div>\n\t\t\t\t<div class=\"elementor-element elementor-element-b8fd1e6 elementor-widget elementor-widget-image\" data-id=\"b8fd1e6\" data-element_type=\"widget\" data-e-type=\"widget\" data-widget_type=\"image.default\">\n\t\t\t\t<div class=\"elementor-widget-container\">\n\t\t\t\t\t\t\t\t\t\t\t\t\t\t\t\t<a href=\"https:\/\/fesisa.com\/?page_id=1571\">\n\t\t\t\t\t\t\t<img loading=\"lazy\" decoding=\"async\" width=\"300\" height=\"188\" src=\"https:\/\/fesisa.com\/wp-content\/uploads\/2024\/10\/asistencia-en-linea-300x188.png\" class=\"attachment-medium size-medium wp-image-2278\" alt=\"\" srcset=\"https:\/\/fesisa.com\/wp-content\/uploads\/2024\/10\/asistencia-en-linea-300x188.png 300w, https:\/\/fesisa.com\/wp-content\/uploads\/2024\/10\/asistencia-en-linea.png 350w\" sizes=\"auto, (max-width: 300px) 100vw, 300px\" \/>\t\t\t\t\t\t\t\t<\/a>\n\t\t\t\t\t\t\t\t\t\t\t\t\t\t\t<\/div>\n\t\t\t\t<\/div>\n\t\t\t\t\t<\/div>\n\t\t<\/div>\n\t\t\t\t\t<\/div>\n\t\t<\/section>\n\t\t\t\t<\/div>\n\t\t","protected":false},"excerpt":{"rendered":"<p>Instalaci\u00f3n de C\u00e1maras de Seguridad. Protege lo que m\u00e1s importa con tecnolog\u00eda confiable y soporte experto. Lo que hacemos por ti:\ud83d\udce1 Sistemas cableados e inal\u00e1mbricos \u2013 Te asesoramos e instalamos &#8230;<\/p>\n","protected":false},"author":1,"featured_media":0,"parent":0,"menu_order":0,"comment_status":"closed","ping_status":"closed","template":"elementor_header_footer","meta":{"footnotes":""},"class_list":["post-1535","page","type-page","status-publish","hentry"],"_links":{"self":[{"href":"https:\/\/fesisa.com\/index.php?rest_route=\/wp\/v2\/pages\/1535","targetHints":{"allow":["GET"]}}],"collection":[{"href":"https:\/\/fesisa.com\/index.php?rest_route=\/wp\/v2\/pages"}],"about":[{"href":"https:\/\/fesisa.com\/index.php?rest_route=\/wp\/v2\/types\/page"}],"author":[{"embeddable":true,"href":"https:\/\/fesisa.com\/index.php?rest_route=\/wp\/v2\/users\/1"}],"replies":[{"embeddable":true,"href":"https:\/\/fesisa.com\/index.php?rest_route=%2Fwp%2Fv2%2Fcomments&post=1535"}],"version-history":[{"count":31,"href":"https:\/\/fesisa.com\/index.php?rest_route=\/wp\/v2\/pages\/1535\/revisions"}],"predecessor-version":[{"id":2452,"href":"https:\/\/fesisa.com\/index.php?rest_route=\/wp\/v2\/pages\/1535\/revisions\/2452"}],"wp:attachment":[{"href":"https:\/\/fesisa.com\/index.php?rest_route=%2Fwp%2Fv2%2Fmedia&parent=1535"}],"curies":[{"name":"wp","href":"https:\/\/api.w.org\/{rel}","templated":true}]}}