{"id":1531,"date":"2023-05-01T16:38:50","date_gmt":"2023-05-01T16:38:50","guid":{"rendered":"https:\/\/fesisa.com\/?page_id=1531"},"modified":"2025-08-08T20:02:51","modified_gmt":"2025-08-08T20:02:51","slug":"implementacion-de-cableado-estructurado","status":"publish","type":"page","link":"https:\/\/fesisa.com\/?page_id=1531","title":{"rendered":"Implementaci\u00f3n de Cableado Estructurado."},"content":{"rendered":"\t\t<div data-elementor-type=\"wp-page\" data-elementor-id=\"1531\" class=\"elementor elementor-1531\">\n\t\t\t\t\t\t<section class=\"elementor-section elementor-top-section elementor-element elementor-element-784fe5b elementor-section-full_width elementor-section-height-default elementor-section-height-default\" data-id=\"784fe5b\" data-element_type=\"section\" data-e-type=\"section\" data-settings=\"{&quot;background_background&quot;:&quot;classic&quot;}\">\n\t\t\t\t\t\t\t<div class=\"elementor-background-overlay\"><\/div>\n\t\t\t\t\t\t\t<div class=\"elementor-container elementor-column-gap-default\">\n\t\t\t\t\t<div class=\"elementor-column elementor-col-100 elementor-top-column elementor-element elementor-element-206b3f9\" data-id=\"206b3f9\" data-element_type=\"column\" data-e-type=\"column\">\n\t\t\t<div class=\"elementor-widget-wrap elementor-element-populated\">\n\t\t\t\t\t\t<div class=\"elementor-element elementor-element-9b33d78 elementor-invisible elementor-widget elementor-widget-heading\" data-id=\"9b33d78\" data-element_type=\"widget\" data-e-type=\"widget\" data-settings=\"{&quot;_animation&quot;:&quot;fadeInLeft&quot;}\" data-widget_type=\"heading.default\">\n\t\t\t\t<div class=\"elementor-widget-container\">\n\t\t\t\t\t<h2 class=\"elementor-heading-title elementor-size-default\">Implementaci\u00f3n de Cableado Estructurado.<\/h2>\t\t\t\t<\/div>\n\t\t\t\t<\/div>\n\t\t\t\t\t<\/div>\n\t\t<\/div>\n\t\t\t\t\t<\/div>\n\t\t<\/section>\n\t\t\t\t<section class=\"elementor-section elementor-top-section elementor-element elementor-element-b6018d7 elementor-section-boxed elementor-section-height-default elementor-section-height-default\" data-id=\"b6018d7\" data-element_type=\"section\" data-e-type=\"section\">\n\t\t\t\t\t\t<div class=\"elementor-container elementor-column-gap-default\">\n\t\t\t\t\t<div class=\"elementor-column elementor-col-50 elementor-top-column elementor-element elementor-element-69c97229\" data-id=\"69c97229\" data-element_type=\"column\" data-e-type=\"column\">\n\t\t\t<div class=\"elementor-widget-wrap elementor-element-populated\">\n\t\t\t\t\t\t<div class=\"elementor-element elementor-element-5524f44f elementor-widget elementor-widget-text-editor\" data-id=\"5524f44f\" data-element_type=\"widget\" data-e-type=\"widget\" data-widget_type=\"text-editor.default\">\n\t\t\t\t<div class=\"elementor-widget-container\">\n\t\t\t\t\t\t\t\t\t<ul><li><p data-start=\"193\" data-end=\"252\">Conectividad segura, r\u00e1pida y adaptada a tus necesidades.<\/p><p data-start=\"254\" data-end=\"918\"><strong data-start=\"254\" data-end=\"280\">Lo que hacemos por ti:<\/strong><br data-start=\"280\" data-end=\"283\" \/>\ud83d\udcd0 <strong data-start=\"286\" data-end=\"332\">Planeaci\u00f3n, implementaci\u00f3n y certificaci\u00f3n<\/strong> \u2013 Dise\u00f1amos, instalamos y certificamos tu red seg\u00fan los m\u00e1s altos est\u00e1ndares.<br data-start=\"410\" data-end=\"413\" \/>\ud83d\udd0c <strong data-start=\"416\" data-end=\"441\">Puntos de voz y datos<\/strong> \u2013 Categor\u00edas 5, 6 y 7 para m\u00e1xima velocidad y rendimiento.<br data-start=\"500\" data-end=\"503\" \/>\ud83d\udce1 <strong data-start=\"506\" data-end=\"528\" data-is-only-node=\"\">Redes inal\u00e1mbricas<\/strong> \u2013 Soluciones WiFi internas y externas, seguras y con gran cobertura.<br data-start=\"597\" data-end=\"600\" \/>\ud83d\udee1 <strong data-start=\"603\" data-end=\"632\">Seguridad de red avanzada<\/strong> \u2013 Protecci\u00f3n con detecci\u00f3n, encriptaci\u00f3n y autenticaci\u00f3n de \u00faltima generaci\u00f3n.<br data-start=\"711\" data-end=\"714\" \/>\u2699 <strong data-start=\"716\" data-end=\"756\">Instalaci\u00f3n y configuraci\u00f3n completa<\/strong> \u2013 Routers, switches, servidores, c\u00e1maras, alarmas y m\u00e1s.<br data-start=\"813\" data-end=\"816\" \/>\ud83d\uddc4 <strong data-start=\"819\" data-end=\"857\">Mantenimiento de racks y gabinetes<\/strong> \u2013 Garantizamos orden, durabilidad y \u00f3ptimo funcionamiento.<\/p><p data-start=\"920\" data-end=\"1017\">\ud83d\udce9 <strong data-start=\"923\" data-end=\"961\">\u00bfQuieres una red estable y segura?<\/strong><br data-start=\"961\" data-end=\"964\" \/><a class=\"\" href=\"https:\/\/fesisa.com\/#contact\" rel=\"noopener\" data-start=\"964\" data-end=\"991\">Solicita tu cotizaci\u00f3n<\/a> y nosotros la instalamos.<\/p><\/li><\/ul>\t\t\t\t\t\t\t\t<\/div>\n\t\t\t\t<\/div>\n\t\t\t\t\t<\/div>\n\t\t<\/div>\n\t\t\t\t<div class=\"elementor-column elementor-col-50 elementor-top-column elementor-element elementor-element-8f95102\" data-id=\"8f95102\" data-element_type=\"column\" data-e-type=\"column\">\n\t\t\t<div class=\"elementor-widget-wrap elementor-element-populated\">\n\t\t\t\t\t\t<div class=\"elementor-element elementor-element-591da9c elementor-widget elementor-widget-image\" data-id=\"591da9c\" data-element_type=\"widget\" data-e-type=\"widget\" data-widget_type=\"image.default\">\n\t\t\t\t<div class=\"elementor-widget-container\">\n\t\t\t\t\t\t\t\t\t\t\t\t\t\t\t<img loading=\"lazy\" decoding=\"async\" width=\"640\" height=\"400\" src=\"https:\/\/fesisa.com\/wp-content\/uploads\/2023\/05\/CABLEADO-ESTRUCTURADO.jpg\" class=\"attachment-onepress-medium size-onepress-medium wp-image-1532\" alt=\"\" srcset=\"https:\/\/fesisa.com\/wp-content\/uploads\/2023\/05\/CABLEADO-ESTRUCTURADO.jpg 640w, https:\/\/fesisa.com\/wp-content\/uploads\/2023\/05\/CABLEADO-ESTRUCTURADO-300x188.jpg 300w, https:\/\/fesisa.com\/wp-content\/uploads\/2023\/05\/CABLEADO-ESTRUCTURADO-480x300.jpg 480w, https:\/\/fesisa.com\/wp-content\/uploads\/2023\/05\/elementor\/thumbs\/CABLEADO-ESTRUCTURADO-q5tyix27tlbi3q3zqhz15ii3mg1isjc292jayendvy.jpg 350w\" sizes=\"auto, (max-width: 640px) 100vw, 640px\" \/>\t\t\t\t\t\t\t\t\t\t\t\t\t\t\t<\/div>\n\t\t\t\t<\/div>\n\t\t\t\t\t<\/div>\n\t\t<\/div>\n\t\t\t\t\t<\/div>\n\t\t<\/section>\n\t\t\t\t<section class=\"elementor-section elementor-top-section elementor-element elementor-element-08e1fc4 elementor-section-boxed elementor-section-height-default elementor-section-height-default\" data-id=\"08e1fc4\" data-element_type=\"section\" data-e-type=\"section\">\n\t\t\t\t\t\t<div class=\"elementor-container elementor-column-gap-default\">\n\t\t\t\t\t<div class=\"elementor-column elementor-col-33 elementor-top-column elementor-element elementor-element-c9ca15c\" data-id=\"c9ca15c\" data-element_type=\"column\" data-e-type=\"column\">\n\t\t\t<div class=\"elementor-widget-wrap elementor-element-populated\">\n\t\t\t\t\t\t<div class=\"elementor-element elementor-element-5dfbf33 elementor-widget elementor-widget-heading\" data-id=\"5dfbf33\" data-element_type=\"widget\" data-e-type=\"widget\" data-widget_type=\"heading.default\">\n\t\t\t\t<div class=\"elementor-widget-container\">\n\t\t\t\t\t<h3 class=\"elementor-heading-title elementor-size-default\"><a href=\"https:\/\/fesisa.com\/?page_id=1477\">Soporte T\u00e9cnico de Laptops y Computadoras.<\/a><\/h3>\t\t\t\t<\/div>\n\t\t\t\t<\/div>\n\t\t\t\t<div class=\"elementor-element elementor-element-126c510 elementor-widget elementor-widget-image\" data-id=\"126c510\" data-element_type=\"widget\" data-e-type=\"widget\" data-widget_type=\"image.default\">\n\t\t\t\t<div class=\"elementor-widget-container\">\n\t\t\t\t\t\t\t\t\t\t\t\t\t\t\t\t<a href=\"https:\/\/fesisa.com\/?page_id=1477\">\n\t\t\t\t\t\t\t<img loading=\"lazy\" decoding=\"async\" width=\"300\" height=\"188\" src=\"https:\/\/fesisa.com\/wp-content\/uploads\/2023\/05\/SOPORTE-TECNICO-LAPTOPS-300x188.jpg\" class=\"attachment-medium size-medium wp-image-1478\" alt=\"\" srcset=\"https:\/\/fesisa.com\/wp-content\/uploads\/2023\/05\/SOPORTE-TECNICO-LAPTOPS-300x188.jpg 300w, https:\/\/fesisa.com\/wp-content\/uploads\/2023\/05\/SOPORTE-TECNICO-LAPTOPS-480x300.jpg 480w, https:\/\/fesisa.com\/wp-content\/uploads\/2023\/05\/elementor\/thumbs\/SOPORTE-TECNICO-LAPTOPS-q5t0v2myo0e7u4dt267m0th8lv2m0ne6mzsbytgpvy.jpg 350w, https:\/\/fesisa.com\/wp-content\/uploads\/2023\/05\/SOPORTE-TECNICO-LAPTOPS.jpg 640w\" sizes=\"auto, (max-width: 300px) 100vw, 300px\" \/>\t\t\t\t\t\t\t\t<\/a>\n\t\t\t\t\t\t\t\t\t\t\t\t\t\t\t<\/div>\n\t\t\t\t<\/div>\n\t\t\t\t\t<\/div>\n\t\t<\/div>\n\t\t\t\t<div class=\"elementor-column elementor-col-33 elementor-top-column elementor-element elementor-element-090a862\" data-id=\"090a862\" data-element_type=\"column\" data-e-type=\"column\">\n\t\t\t<div class=\"elementor-widget-wrap elementor-element-populated\">\n\t\t\t\t\t\t<div class=\"elementor-element elementor-element-02c20e0 elementor-widget elementor-widget-heading\" data-id=\"02c20e0\" data-element_type=\"widget\" data-e-type=\"widget\" data-widget_type=\"heading.default\">\n\t\t\t\t<div class=\"elementor-widget-container\">\n\t\t\t\t\t<h3 class=\"elementor-heading-title elementor-size-default\"><a href=\"https:\/\/fesisa.com\/?page_id=1535\">Instalaci\u00f3n de C\u00e1maras de Seguridad.<\/a><\/h3>\t\t\t\t<\/div>\n\t\t\t\t<\/div>\n\t\t\t\t<div class=\"elementor-element elementor-element-7dae70e elementor-widget elementor-widget-image\" data-id=\"7dae70e\" data-element_type=\"widget\" data-e-type=\"widget\" data-widget_type=\"image.default\">\n\t\t\t\t<div class=\"elementor-widget-container\">\n\t\t\t\t\t\t\t\t\t\t\t\t\t\t\t\t<a href=\"https:\/\/fesisa.com\/?page_id=1535\">\n\t\t\t\t\t\t\t<img loading=\"lazy\" decoding=\"async\" width=\"300\" height=\"188\" src=\"https:\/\/fesisa.com\/wp-content\/uploads\/2023\/05\/CAMARA-DE-SEGURIDAD-300x188.jpg\" class=\"attachment-medium size-medium wp-image-1536\" alt=\"\" srcset=\"https:\/\/fesisa.com\/wp-content\/uploads\/2023\/05\/CAMARA-DE-SEGURIDAD-300x188.jpg 300w, https:\/\/fesisa.com\/wp-content\/uploads\/2023\/05\/CAMARA-DE-SEGURIDAD-480x300.jpg 480w, https:\/\/fesisa.com\/wp-content\/uploads\/2023\/05\/elementor\/thumbs\/CAMARA-DE-SEGURIDAD-q5tyn93fc393mztcfdf3nf4m8eogaaji6itwmc8172.jpg 350w, https:\/\/fesisa.com\/wp-content\/uploads\/2023\/05\/CAMARA-DE-SEGURIDAD.jpg 640w\" sizes=\"auto, (max-width: 300px) 100vw, 300px\" \/>\t\t\t\t\t\t\t\t<\/a>\n\t\t\t\t\t\t\t\t\t\t\t\t\t\t\t<\/div>\n\t\t\t\t<\/div>\n\t\t\t\t\t<\/div>\n\t\t<\/div>\n\t\t\t\t<div class=\"elementor-column elementor-col-33 elementor-top-column elementor-element elementor-element-1890da3\" data-id=\"1890da3\" data-element_type=\"column\" data-e-type=\"column\">\n\t\t\t<div class=\"elementor-widget-wrap elementor-element-populated\">\n\t\t\t\t\t\t<div class=\"elementor-element elementor-element-4457561 elementor-widget elementor-widget-heading\" data-id=\"4457561\" data-element_type=\"widget\" data-e-type=\"widget\" data-widget_type=\"heading.default\">\n\t\t\t\t<div class=\"elementor-widget-container\">\n\t\t\t\t\t<h3 class=\"elementor-heading-title elementor-size-default\"><a href=\"https:\/\/fesisa.com\/?page_id=1539\">Configuraci\u00f3n de Servidores, Terminal Server.<\/a><\/h3>\t\t\t\t<\/div>\n\t\t\t\t<\/div>\n\t\t\t\t<div class=\"elementor-element elementor-element-56096e1 elementor-widget elementor-widget-image\" data-id=\"56096e1\" data-element_type=\"widget\" data-e-type=\"widget\" data-widget_type=\"image.default\">\n\t\t\t\t<div class=\"elementor-widget-container\">\n\t\t\t\t\t\t\t\t\t\t\t\t\t\t\t\t<a href=\"https:\/\/fesisa.com\/?page_id=1539\">\n\t\t\t\t\t\t\t<img loading=\"lazy\" decoding=\"async\" width=\"300\" height=\"188\" src=\"https:\/\/fesisa.com\/wp-content\/uploads\/2023\/05\/CONFIGURACION-DE-SERVIDORES-300x188.jpg\" class=\"attachment-medium size-medium wp-image-1537\" alt=\"\" srcset=\"https:\/\/fesisa.com\/wp-content\/uploads\/2023\/05\/CONFIGURACION-DE-SERVIDORES-300x188.jpg 300w, https:\/\/fesisa.com\/wp-content\/uploads\/2023\/05\/CONFIGURACION-DE-SERVIDORES-480x300.jpg 480w, https:\/\/fesisa.com\/wp-content\/uploads\/2023\/05\/elementor\/thumbs\/CONFIGURACION-DE-SERVIDORES-q5tyna19ixadylrz9vtq7ww2tsjthzn8inhe3m6n0u.jpg 350w, https:\/\/fesisa.com\/wp-content\/uploads\/2023\/05\/CONFIGURACION-DE-SERVIDORES.jpg 640w\" sizes=\"auto, (max-width: 300px) 100vw, 300px\" \/>\t\t\t\t\t\t\t\t<\/a>\n\t\t\t\t\t\t\t\t\t\t\t\t\t\t\t<\/div>\n\t\t\t\t<\/div>\n\t\t\t\t\t<\/div>\n\t\t<\/div>\n\t\t\t\t\t<\/div>\n\t\t<\/section>\n\t\t\t\t<section class=\"elementor-section elementor-top-section elementor-element elementor-element-55a6daf elementor-section-boxed elementor-section-height-default elementor-section-height-default\" data-id=\"55a6daf\" data-element_type=\"section\" data-e-type=\"section\">\n\t\t\t\t\t\t<div class=\"elementor-container elementor-column-gap-default\">\n\t\t\t\t\t<div class=\"elementor-column elementor-col-50 elementor-top-column elementor-element elementor-element-d1882f8\" data-id=\"d1882f8\" data-element_type=\"column\" data-e-type=\"column\">\n\t\t\t<div class=\"elementor-widget-wrap elementor-element-populated\">\n\t\t\t\t\t\t<div class=\"elementor-element elementor-element-edeb0cd elementor-widget elementor-widget-heading\" data-id=\"edeb0cd\" data-element_type=\"widget\" data-e-type=\"widget\" data-widget_type=\"heading.default\">\n\t\t\t\t<div class=\"elementor-widget-container\">\n\t\t\t\t\t<h3 class=\"elementor-heading-title elementor-size-default\"><a href=\"https:\/\/fesisa.com\/?page_id=2027\">Asesor\u00eda en licenciamiento de Software<\/a><\/h3>\t\t\t\t<\/div>\n\t\t\t\t<\/div>\n\t\t\t\t<div class=\"elementor-element elementor-element-6a5e1aa elementor-widget elementor-widget-image\" data-id=\"6a5e1aa\" data-element_type=\"widget\" data-e-type=\"widget\" data-widget_type=\"image.default\">\n\t\t\t\t<div class=\"elementor-widget-container\">\n\t\t\t\t\t\t\t\t\t\t\t\t\t\t\t\t<a href=\"https:\/\/fesisa.com\/?page_id=2027\">\n\t\t\t\t\t\t\t<img loading=\"lazy\" decoding=\"async\" width=\"300\" height=\"188\" src=\"https:\/\/fesisa.com\/wp-content\/uploads\/2024\/03\/licencia-300x188.png\" class=\"attachment-medium size-medium wp-image-2029\" alt=\"\" srcset=\"https:\/\/fesisa.com\/wp-content\/uploads\/2024\/03\/licencia-300x188.png 300w, https:\/\/fesisa.com\/wp-content\/uploads\/2024\/03\/licencia.png 350w\" sizes=\"auto, (max-width: 300px) 100vw, 300px\" \/>\t\t\t\t\t\t\t\t<\/a>\n\t\t\t\t\t\t\t\t\t\t\t\t\t\t\t<\/div>\n\t\t\t\t<\/div>\n\t\t\t\t\t<\/div>\n\t\t<\/div>\n\t\t\t\t<div class=\"elementor-column elementor-col-50 elementor-top-column elementor-element elementor-element-40aa118\" data-id=\"40aa118\" data-element_type=\"column\" data-e-type=\"column\">\n\t\t\t<div class=\"elementor-widget-wrap elementor-element-populated\">\n\t\t\t\t\t\t<div class=\"elementor-element elementor-element-fbae6da elementor-widget elementor-widget-heading\" data-id=\"fbae6da\" data-element_type=\"widget\" data-e-type=\"widget\" data-widget_type=\"heading.default\">\n\t\t\t\t<div class=\"elementor-widget-container\">\n\t\t\t\t\t<h3 class=\"elementor-heading-title elementor-size-default\"><a href=\"https:\/\/fesisa.com\/?page_id=1571\">Asistencia <br>en l\u00ednea.<\/a><\/h3>\t\t\t\t<\/div>\n\t\t\t\t<\/div>\n\t\t\t\t<div class=\"elementor-element elementor-element-490c7fe elementor-widget elementor-widget-image\" data-id=\"490c7fe\" data-element_type=\"widget\" data-e-type=\"widget\" data-widget_type=\"image.default\">\n\t\t\t\t<div class=\"elementor-widget-container\">\n\t\t\t\t\t\t\t\t\t\t\t\t\t\t\t\t<a href=\"https:\/\/fesisa.com\/?page_id=1571\">\n\t\t\t\t\t\t\t<img loading=\"lazy\" decoding=\"async\" width=\"300\" height=\"188\" src=\"https:\/\/fesisa.com\/wp-content\/uploads\/2024\/10\/asistencia-en-linea-300x188.png\" class=\"attachment-medium size-medium wp-image-2278\" alt=\"\" srcset=\"https:\/\/fesisa.com\/wp-content\/uploads\/2024\/10\/asistencia-en-linea-300x188.png 300w, https:\/\/fesisa.com\/wp-content\/uploads\/2024\/10\/asistencia-en-linea.png 350w\" sizes=\"auto, (max-width: 300px) 100vw, 300px\" \/>\t\t\t\t\t\t\t\t<\/a>\n\t\t\t\t\t\t\t\t\t\t\t\t\t\t\t<\/div>\n\t\t\t\t<\/div>\n\t\t\t\t\t<\/div>\n\t\t<\/div>\n\t\t\t\t\t<\/div>\n\t\t<\/section>\n\t\t\t\t<\/div>\n\t\t","protected":false},"excerpt":{"rendered":"<p>Implementaci\u00f3n de Cableado Estructurado. Conectividad segura, r\u00e1pida y adaptada a tus necesidades. Lo que hacemos por ti:\ud83d\udcd0 Planeaci\u00f3n, implementaci\u00f3n y certificaci\u00f3n \u2013 Dise\u00f1amos, instalamos y certificamos tu red seg\u00fan los &#8230;<\/p>\n","protected":false},"author":1,"featured_media":0,"parent":0,"menu_order":0,"comment_status":"closed","ping_status":"closed","template":"elementor_header_footer","meta":{"footnotes":""},"class_list":["post-1531","page","type-page","status-publish","hentry"],"_links":{"self":[{"href":"https:\/\/fesisa.com\/index.php?rest_route=\/wp\/v2\/pages\/1531","targetHints":{"allow":["GET"]}}],"collection":[{"href":"https:\/\/fesisa.com\/index.php?rest_route=\/wp\/v2\/pages"}],"about":[{"href":"https:\/\/fesisa.com\/index.php?rest_route=\/wp\/v2\/types\/page"}],"author":[{"embeddable":true,"href":"https:\/\/fesisa.com\/index.php?rest_route=\/wp\/v2\/users\/1"}],"replies":[{"embeddable":true,"href":"https:\/\/fesisa.com\/index.php?rest_route=%2Fwp%2Fv2%2Fcomments&post=1531"}],"version-history":[{"count":40,"href":"https:\/\/fesisa.com\/index.php?rest_route=\/wp\/v2\/pages\/1531\/revisions"}],"predecessor-version":[{"id":2449,"href":"https:\/\/fesisa.com\/index.php?rest_route=\/wp\/v2\/pages\/1531\/revisions\/2449"}],"wp:attachment":[{"href":"https:\/\/fesisa.com\/index.php?rest_route=%2Fwp%2Fv2%2Fmedia&parent=1531"}],"curies":[{"name":"wp","href":"https:\/\/api.w.org\/{rel}","templated":true}]}}