{"id":1477,"date":"2023-05-01T03:45:20","date_gmt":"2023-05-01T03:45:20","guid":{"rendered":"https:\/\/fesisa.com\/?page_id=1477"},"modified":"2025-08-08T19:58:55","modified_gmt":"2025-08-08T19:58:55","slug":"soporte-tecnico-de-laptops-y-computadoras","status":"publish","type":"page","link":"https:\/\/fesisa.com\/?page_id=1477","title":{"rendered":"Soporte T\u00e9cnico de Laptops y Computadoras."},"content":{"rendered":"\t\t<div data-elementor-type=\"wp-page\" data-elementor-id=\"1477\" class=\"elementor elementor-1477\">\n\t\t\t\t\t\t<section class=\"elementor-section elementor-top-section elementor-element elementor-element-8884d71 elementor-section-full_width elementor-section-height-default elementor-section-height-default\" data-id=\"8884d71\" data-element_type=\"section\" data-e-type=\"section\" data-settings=\"{&quot;background_background&quot;:&quot;classic&quot;}\">\n\t\t\t\t\t\t\t<div class=\"elementor-background-overlay\"><\/div>\n\t\t\t\t\t\t\t<div class=\"elementor-container elementor-column-gap-default\">\n\t\t\t\t\t<div class=\"elementor-column elementor-col-100 elementor-top-column elementor-element elementor-element-ee0eca1\" data-id=\"ee0eca1\" data-element_type=\"column\" data-e-type=\"column\">\n\t\t\t<div class=\"elementor-widget-wrap elementor-element-populated\">\n\t\t\t\t\t\t<div class=\"elementor-element elementor-element-f2127aa elementor-invisible elementor-widget elementor-widget-heading\" data-id=\"f2127aa\" data-element_type=\"widget\" data-e-type=\"widget\" data-settings=\"{&quot;_animation&quot;:&quot;fadeInLeft&quot;}\" data-widget_type=\"heading.default\">\n\t\t\t\t<div class=\"elementor-widget-container\">\n\t\t\t\t\t<h2 class=\"elementor-heading-title elementor-size-default\">Soporte T\u00e9cnico de Laptops y Computadoras.<\/h2>\t\t\t\t<\/div>\n\t\t\t\t<\/div>\n\t\t\t\t\t<\/div>\n\t\t<\/div>\n\t\t\t\t\t<\/div>\n\t\t<\/section>\n\t\t\t\t<section class=\"elementor-section elementor-top-section elementor-element elementor-element-6d1b429 elementor-section-boxed elementor-section-height-default elementor-section-height-default\" data-id=\"6d1b429\" data-element_type=\"section\" data-e-type=\"section\">\n\t\t\t\t\t\t<div class=\"elementor-container elementor-column-gap-default\">\n\t\t\t\t\t<div class=\"elementor-column elementor-col-50 elementor-top-column elementor-element elementor-element-4e7c83a2\" data-id=\"4e7c83a2\" data-element_type=\"column\" data-e-type=\"column\">\n\t\t\t<div class=\"elementor-widget-wrap elementor-element-populated\">\n\t\t\t\t\t\t<div class=\"elementor-element elementor-element-709de418 elementor-widget elementor-widget-text-editor\" data-id=\"709de418\" data-element_type=\"widget\" data-e-type=\"widget\" data-widget_type=\"text-editor.default\">\n\t\t\t\t<div class=\"elementor-widget-container\">\n\t\t\t\t\t\t\t\t\t<ul><li><p data-start=\"403\" data-end=\"471\">Mantenemos tus equipos como nuevos y listos para rendir al m\u00e1ximo.<\/p><p data-start=\"473\" data-end=\"946\"><strong data-start=\"473\" data-end=\"505\">Nuestros servicios incluyen:<\/strong><br data-start=\"505\" data-end=\"508\" \/>\ud83d\udcbb <strong data-start=\"511\" data-end=\"552\">Mantenimiento preventivo y correctivo<\/strong> \u2013 Evita fallos y mejora el rendimiento.<br data-start=\"592\" data-end=\"595\" \/>\ud83d\udee0 <strong data-start=\"598\" data-end=\"625\">Ensamblaje y reparaci\u00f3n<\/strong> \u2013 Montaje, ajustes y optimizaci\u00f3n a tu medida.<br data-start=\"672\" data-end=\"675\" \/>\ud83d\udce6 <strong data-start=\"678\" data-end=\"701\">Soporte de software<\/strong> \u2013 Instalaci\u00f3n, actualizaci\u00f3n y soluci\u00f3n de problemas.<br data-start=\"755\" data-end=\"758\" \/>\ud83d\udee1 <strong data-start=\"761\" data-end=\"795\">Eliminaci\u00f3n de virus y malware<\/strong> \u2013 Limpieza y protecci\u00f3n ante amenazas digitales.<br data-start=\"844\" data-end=\"847\" \/>\u2699 <strong data-start=\"849\" data-end=\"872\">Soporte de hardware<\/strong> \u2013 Reemplazo y mejora de componentes para mayor velocidad y rendimiento.<\/p><p data-start=\"948\" data-end=\"1031\">\ud83d\udce9 <strong data-start=\"951\" data-end=\"981\">\u00bfTu equipo necesita ayuda?<\/strong><br data-start=\"981\" data-end=\"984\" \/><a href=\"https:\/\/fesisa.com\/#contact\">Cont\u00e1ctanos ahora<\/a> y lo dejamos como nuevo.<\/p><\/li><\/ul>\t\t\t\t\t\t\t\t<\/div>\n\t\t\t\t<\/div>\n\t\t\t\t\t<\/div>\n\t\t<\/div>\n\t\t\t\t<div class=\"elementor-column elementor-col-50 elementor-top-column elementor-element elementor-element-ee6670b\" data-id=\"ee6670b\" data-element_type=\"column\" data-e-type=\"column\">\n\t\t\t<div class=\"elementor-widget-wrap elementor-element-populated\">\n\t\t\t\t\t\t<div class=\"elementor-element elementor-element-95106b9 elementor-widget elementor-widget-image\" data-id=\"95106b9\" data-element_type=\"widget\" data-e-type=\"widget\" data-widget_type=\"image.default\">\n\t\t\t\t<div class=\"elementor-widget-container\">\n\t\t\t\t\t\t\t\t\t\t\t\t\t\t\t<img loading=\"lazy\" decoding=\"async\" width=\"640\" height=\"400\" src=\"https:\/\/fesisa.com\/wp-content\/uploads\/2023\/05\/SOPORTE-TECNICO-LAPTOPS.jpg\" class=\"attachment-onepress-medium size-onepress-medium wp-image-1478\" alt=\"\" srcset=\"https:\/\/fesisa.com\/wp-content\/uploads\/2023\/05\/SOPORTE-TECNICO-LAPTOPS.jpg 640w, https:\/\/fesisa.com\/wp-content\/uploads\/2023\/05\/SOPORTE-TECNICO-LAPTOPS-300x188.jpg 300w, https:\/\/fesisa.com\/wp-content\/uploads\/2023\/05\/SOPORTE-TECNICO-LAPTOPS-480x300.jpg 480w, https:\/\/fesisa.com\/wp-content\/uploads\/2023\/05\/elementor\/thumbs\/SOPORTE-TECNICO-LAPTOPS-q5t0v2myo0e7u4dt267m0th8lv2m0ne6mzsbytgpvy.jpg 350w\" sizes=\"auto, (max-width: 640px) 100vw, 640px\" \/>\t\t\t\t\t\t\t\t\t\t\t\t\t\t\t<\/div>\n\t\t\t\t<\/div>\n\t\t\t\t\t<\/div>\n\t\t<\/div>\n\t\t\t\t\t<\/div>\n\t\t<\/section>\n\t\t\t\t<section class=\"elementor-section elementor-top-section elementor-element elementor-element-602e7c1 elementor-section-boxed elementor-section-height-default elementor-section-height-default\" data-id=\"602e7c1\" data-element_type=\"section\" data-e-type=\"section\">\n\t\t\t\t\t\t<div class=\"elementor-container elementor-column-gap-default\">\n\t\t\t\t\t<div class=\"elementor-column elementor-col-33 elementor-top-column elementor-element elementor-element-a7d50c3\" data-id=\"a7d50c3\" data-element_type=\"column\" data-e-type=\"column\">\n\t\t\t<div class=\"elementor-widget-wrap elementor-element-populated\">\n\t\t\t\t\t\t<div class=\"elementor-element elementor-element-7a4c503 elementor-widget elementor-widget-heading\" data-id=\"7a4c503\" data-element_type=\"widget\" data-e-type=\"widget\" data-widget_type=\"heading.default\">\n\t\t\t\t<div class=\"elementor-widget-container\">\n\t\t\t\t\t<h3 class=\"elementor-heading-title elementor-size-default\"><a href=\"https:\/\/fesisa.com\/?page_id=1531\">Implementaci\u00f3n de Cableado Estructurado.<\/a><\/h3>\t\t\t\t<\/div>\n\t\t\t\t<\/div>\n\t\t\t\t<div class=\"elementor-element elementor-element-1a66878 elementor-widget elementor-widget-image\" data-id=\"1a66878\" data-element_type=\"widget\" data-e-type=\"widget\" data-widget_type=\"image.default\">\n\t\t\t\t<div class=\"elementor-widget-container\">\n\t\t\t\t\t\t\t\t\t\t\t\t\t\t\t\t<a href=\"https:\/\/fesisa.com\/?page_id=1531\">\n\t\t\t\t\t\t\t<img loading=\"lazy\" decoding=\"async\" width=\"300\" height=\"188\" src=\"https:\/\/fesisa.com\/wp-content\/uploads\/2023\/05\/CABLEADO-ESTRUCTURADO-300x188.jpg\" class=\"attachment-medium size-medium wp-image-1532\" alt=\"\" srcset=\"https:\/\/fesisa.com\/wp-content\/uploads\/2023\/05\/CABLEADO-ESTRUCTURADO-300x188.jpg 300w, https:\/\/fesisa.com\/wp-content\/uploads\/2023\/05\/CABLEADO-ESTRUCTURADO-480x300.jpg 480w, https:\/\/fesisa.com\/wp-content\/uploads\/2023\/05\/elementor\/thumbs\/CABLEADO-ESTRUCTURADO-q5tyix27tlbi3q3zqhz15ii3mg1isjc292jayendvy.jpg 350w, https:\/\/fesisa.com\/wp-content\/uploads\/2023\/05\/CABLEADO-ESTRUCTURADO.jpg 640w\" sizes=\"auto, (max-width: 300px) 100vw, 300px\" \/>\t\t\t\t\t\t\t\t<\/a>\n\t\t\t\t\t\t\t\t\t\t\t\t\t\t\t<\/div>\n\t\t\t\t<\/div>\n\t\t\t\t\t<\/div>\n\t\t<\/div>\n\t\t\t\t<div class=\"elementor-column elementor-col-33 elementor-top-column elementor-element elementor-element-5b6d427\" data-id=\"5b6d427\" data-element_type=\"column\" data-e-type=\"column\">\n\t\t\t<div class=\"elementor-widget-wrap elementor-element-populated\">\n\t\t\t\t\t\t<div class=\"elementor-element elementor-element-ded9873 elementor-widget elementor-widget-heading\" data-id=\"ded9873\" data-element_type=\"widget\" data-e-type=\"widget\" data-widget_type=\"heading.default\">\n\t\t\t\t<div class=\"elementor-widget-container\">\n\t\t\t\t\t<h3 class=\"elementor-heading-title elementor-size-default\"><a href=\"https:\/\/fesisa.com\/?page_id=1535\">Instalaci\u00f3n de C\u00e1maras de Seguridad.<\/a><\/h3>\t\t\t\t<\/div>\n\t\t\t\t<\/div>\n\t\t\t\t<div class=\"elementor-element elementor-element-784e19f elementor-widget elementor-widget-image\" data-id=\"784e19f\" data-element_type=\"widget\" data-e-type=\"widget\" data-widget_type=\"image.default\">\n\t\t\t\t<div class=\"elementor-widget-container\">\n\t\t\t\t\t\t\t\t\t\t\t\t\t\t\t\t<a href=\"https:\/\/fesisa.com\/?page_id=1535\">\n\t\t\t\t\t\t\t<img loading=\"lazy\" decoding=\"async\" width=\"300\" height=\"188\" src=\"https:\/\/fesisa.com\/wp-content\/uploads\/2023\/05\/CAMARA-DE-SEGURIDAD-300x188.jpg\" class=\"attachment-medium size-medium wp-image-1536\" alt=\"\" srcset=\"https:\/\/fesisa.com\/wp-content\/uploads\/2023\/05\/CAMARA-DE-SEGURIDAD-300x188.jpg 300w, https:\/\/fesisa.com\/wp-content\/uploads\/2023\/05\/CAMARA-DE-SEGURIDAD-480x300.jpg 480w, https:\/\/fesisa.com\/wp-content\/uploads\/2023\/05\/elementor\/thumbs\/CAMARA-DE-SEGURIDAD-q5tyn93fc393mztcfdf3nf4m8eogaaji6itwmc8172.jpg 350w, https:\/\/fesisa.com\/wp-content\/uploads\/2023\/05\/CAMARA-DE-SEGURIDAD.jpg 640w\" sizes=\"auto, (max-width: 300px) 100vw, 300px\" \/>\t\t\t\t\t\t\t\t<\/a>\n\t\t\t\t\t\t\t\t\t\t\t\t\t\t\t<\/div>\n\t\t\t\t<\/div>\n\t\t\t\t\t<\/div>\n\t\t<\/div>\n\t\t\t\t<div class=\"elementor-column elementor-col-33 elementor-top-column elementor-element elementor-element-1f3910d\" data-id=\"1f3910d\" data-element_type=\"column\" data-e-type=\"column\">\n\t\t\t<div class=\"elementor-widget-wrap elementor-element-populated\">\n\t\t\t\t\t\t<div class=\"elementor-element elementor-element-bfcc536 elementor-widget elementor-widget-heading\" data-id=\"bfcc536\" data-element_type=\"widget\" data-e-type=\"widget\" data-widget_type=\"heading.default\">\n\t\t\t\t<div class=\"elementor-widget-container\">\n\t\t\t\t\t<h3 class=\"elementor-heading-title elementor-size-default\"><a href=\"https:\/\/fesisa.com\/?page_id=1539\">Configuraci\u00f3n de Servidores, Terminal Server.<\/a><\/h3>\t\t\t\t<\/div>\n\t\t\t\t<\/div>\n\t\t\t\t<div class=\"elementor-element elementor-element-6deedb9 elementor-widget elementor-widget-image\" data-id=\"6deedb9\" data-element_type=\"widget\" data-e-type=\"widget\" data-widget_type=\"image.default\">\n\t\t\t\t<div class=\"elementor-widget-container\">\n\t\t\t\t\t\t\t\t\t\t\t\t\t\t\t\t<a href=\"https:\/\/fesisa.com\/?page_id=1539\">\n\t\t\t\t\t\t\t<img loading=\"lazy\" decoding=\"async\" width=\"300\" height=\"188\" src=\"https:\/\/fesisa.com\/wp-content\/uploads\/2023\/05\/CONFIGURACION-DE-SERVIDORES-300x188.jpg\" class=\"attachment-medium size-medium wp-image-1537\" alt=\"\" srcset=\"https:\/\/fesisa.com\/wp-content\/uploads\/2023\/05\/CONFIGURACION-DE-SERVIDORES-300x188.jpg 300w, https:\/\/fesisa.com\/wp-content\/uploads\/2023\/05\/CONFIGURACION-DE-SERVIDORES-480x300.jpg 480w, https:\/\/fesisa.com\/wp-content\/uploads\/2023\/05\/elementor\/thumbs\/CONFIGURACION-DE-SERVIDORES-q5tyna19ixadylrz9vtq7ww2tsjthzn8inhe3m6n0u.jpg 350w, https:\/\/fesisa.com\/wp-content\/uploads\/2023\/05\/CONFIGURACION-DE-SERVIDORES.jpg 640w\" sizes=\"auto, (max-width: 300px) 100vw, 300px\" \/>\t\t\t\t\t\t\t\t<\/a>\n\t\t\t\t\t\t\t\t\t\t\t\t\t\t\t<\/div>\n\t\t\t\t<\/div>\n\t\t\t\t\t<\/div>\n\t\t<\/div>\n\t\t\t\t\t<\/div>\n\t\t<\/section>\n\t\t\t\t<section class=\"elementor-section elementor-top-section elementor-element elementor-element-179e3f6 elementor-section-boxed elementor-section-height-default elementor-section-height-default\" data-id=\"179e3f6\" data-element_type=\"section\" data-e-type=\"section\">\n\t\t\t\t\t\t<div class=\"elementor-container elementor-column-gap-default\">\n\t\t\t\t\t<div class=\"elementor-column elementor-col-50 elementor-top-column elementor-element elementor-element-32d575c\" data-id=\"32d575c\" data-element_type=\"column\" data-e-type=\"column\">\n\t\t\t<div class=\"elementor-widget-wrap elementor-element-populated\">\n\t\t\t\t\t\t<div class=\"elementor-element elementor-element-9457419 elementor-widget elementor-widget-heading\" data-id=\"9457419\" data-element_type=\"widget\" data-e-type=\"widget\" data-widget_type=\"heading.default\">\n\t\t\t\t<div class=\"elementor-widget-container\">\n\t\t\t\t\t<h3 class=\"elementor-heading-title elementor-size-default\"><a href=\"https:\/\/fesisa.com\/?page_id=2027\">Asesor\u00eda en licenciamiento de Software<\/a><\/h3>\t\t\t\t<\/div>\n\t\t\t\t<\/div>\n\t\t\t\t<div class=\"elementor-element elementor-element-75c357a elementor-widget elementor-widget-image\" data-id=\"75c357a\" data-element_type=\"widget\" data-e-type=\"widget\" data-widget_type=\"image.default\">\n\t\t\t\t<div class=\"elementor-widget-container\">\n\t\t\t\t\t\t\t\t\t\t\t\t\t\t\t\t<a href=\"https:\/\/fesisa.com\/?page_id=2027\">\n\t\t\t\t\t\t\t<img loading=\"lazy\" decoding=\"async\" width=\"300\" height=\"188\" src=\"https:\/\/fesisa.com\/wp-content\/uploads\/2024\/03\/licencia-300x188.png\" class=\"attachment-medium size-medium wp-image-2029\" alt=\"\" srcset=\"https:\/\/fesisa.com\/wp-content\/uploads\/2024\/03\/licencia-300x188.png 300w, https:\/\/fesisa.com\/wp-content\/uploads\/2024\/03\/licencia.png 350w\" sizes=\"auto, (max-width: 300px) 100vw, 300px\" \/>\t\t\t\t\t\t\t\t<\/a>\n\t\t\t\t\t\t\t\t\t\t\t\t\t\t\t<\/div>\n\t\t\t\t<\/div>\n\t\t\t\t\t<\/div>\n\t\t<\/div>\n\t\t\t\t<div class=\"elementor-column elementor-col-50 elementor-top-column elementor-element elementor-element-6f8b851\" data-id=\"6f8b851\" data-element_type=\"column\" data-e-type=\"column\">\n\t\t\t<div class=\"elementor-widget-wrap elementor-element-populated\">\n\t\t\t\t\t\t<div class=\"elementor-element elementor-element-98595d0 elementor-widget elementor-widget-heading\" data-id=\"98595d0\" data-element_type=\"widget\" data-e-type=\"widget\" data-widget_type=\"heading.default\">\n\t\t\t\t<div class=\"elementor-widget-container\">\n\t\t\t\t\t<h3 class=\"elementor-heading-title elementor-size-default\"><a href=\"https:\/\/fesisa.com\/?page_id=1571\">Asistencia <br>en l\u00ednea.<\/a><\/h3>\t\t\t\t<\/div>\n\t\t\t\t<\/div>\n\t\t\t\t<div class=\"elementor-element elementor-element-9a48dcd elementor-widget elementor-widget-image\" data-id=\"9a48dcd\" data-element_type=\"widget\" data-e-type=\"widget\" data-widget_type=\"image.default\">\n\t\t\t\t<div class=\"elementor-widget-container\">\n\t\t\t\t\t\t\t\t\t\t\t\t\t\t\t\t<a href=\"https:\/\/fesisa.com\/?page_id=1571\">\n\t\t\t\t\t\t\t<img loading=\"lazy\" decoding=\"async\" width=\"300\" height=\"188\" src=\"https:\/\/fesisa.com\/wp-content\/uploads\/2024\/10\/asistencia-en-linea-300x188.png\" class=\"attachment-medium size-medium wp-image-2278\" alt=\"\" srcset=\"https:\/\/fesisa.com\/wp-content\/uploads\/2024\/10\/asistencia-en-linea-300x188.png 300w, https:\/\/fesisa.com\/wp-content\/uploads\/2024\/10\/asistencia-en-linea.png 350w\" sizes=\"auto, (max-width: 300px) 100vw, 300px\" \/>\t\t\t\t\t\t\t\t<\/a>\n\t\t\t\t\t\t\t\t\t\t\t\t\t\t\t<\/div>\n\t\t\t\t<\/div>\n\t\t\t\t\t<\/div>\n\t\t<\/div>\n\t\t\t\t\t<\/div>\n\t\t<\/section>\n\t\t\t\t<\/div>\n\t\t","protected":false},"excerpt":{"rendered":"<p>Soporte T\u00e9cnico de Laptops y Computadoras. Mantenemos tus equipos como nuevos y listos para rendir al m\u00e1ximo. Nuestros servicios incluyen:\ud83d\udcbb Mantenimiento preventivo y correctivo \u2013 Evita fallos y mejora el &#8230;<\/p>\n","protected":false},"author":1,"featured_media":0,"parent":0,"menu_order":0,"comment_status":"closed","ping_status":"closed","template":"elementor_header_footer","meta":{"footnotes":""},"class_list":["post-1477","page","type-page","status-publish","hentry"],"_links":{"self":[{"href":"https:\/\/fesisa.com\/index.php?rest_route=\/wp\/v2\/pages\/1477","targetHints":{"allow":["GET"]}}],"collection":[{"href":"https:\/\/fesisa.com\/index.php?rest_route=\/wp\/v2\/pages"}],"about":[{"href":"https:\/\/fesisa.com\/index.php?rest_route=\/wp\/v2\/types\/page"}],"author":[{"embeddable":true,"href":"https:\/\/fesisa.com\/index.php?rest_route=\/wp\/v2\/users\/1"}],"replies":[{"embeddable":true,"href":"https:\/\/fesisa.com\/index.php?rest_route=%2Fwp%2Fv2%2Fcomments&post=1477"}],"version-history":[{"count":45,"href":"https:\/\/fesisa.com\/index.php?rest_route=\/wp\/v2\/pages\/1477\/revisions"}],"predecessor-version":[{"id":2446,"href":"https:\/\/fesisa.com\/index.php?rest_route=\/wp\/v2\/pages\/1477\/revisions\/2446"}],"wp:attachment":[{"href":"https:\/\/fesisa.com\/index.php?rest_route=%2Fwp%2Fv2%2Fmedia&parent=1477"}],"curies":[{"name":"wp","href":"https:\/\/api.w.org\/{rel}","templated":true}]}}